{"id":3194,"date":"2020-05-19T22:28:44","date_gmt":"2020-05-19T22:28:44","guid":{"rendered":"http:\/\/casadasletrasalentejo.pt\/?page_id=3194"},"modified":"2020-07-05T13:14:20","modified_gmt":"2020-07-05T13:14:20","slug":"habitacion-de-la-nada","status":"publish","type":"page","link":"https:\/\/casadasletrasalentejo.pt\/es\/habitaciones-literarias\/habitacion-de-la-nada\/","title":{"rendered":"Habitaci\u00f3n de la Nada"},"content":{"rendered":"\t\t<div data-elementor-type=\"wp-page\" data-elementor-id=\"3194\" class=\"elementor elementor-3194\" data-elementor-settings=\"[]\">\n\t\t\t\t\t\t<div class=\"elementor-inner\">\n\t\t\t\t\t\t\t<div class=\"elementor-section-wrap\">\n\t\t\t\t\t\t\t<section class=\"elementor-section elementor-top-section elementor-element elementor-element-17d5daf4 elementor-section-boxed elementor-section-height-default elementor-section-height-default\" data-id=\"17d5daf4\" data-element_type=\"section\">\n\t\t\t\t\t\t<div class=\"elementor-container elementor-column-gap-default\">\n\t\t\t\t\t\t\t<div class=\"elementor-row\">\n\t\t\t\t\t<div class=\"elementor-column elementor-col-66 elementor-top-column elementor-element elementor-element-13d7540f\" data-id=\"13d7540f\" data-element_type=\"column\">\n\t\t\t<div class=\"elementor-column-wrap elementor-element-populated\">\n\t\t\t\t\t\t\t<div class=\"elementor-widget-wrap\">\n\t\t\t\t\t\t<div class=\"elementor-element elementor-element-303b9dd0 elementor-widget elementor-widget-image\" data-id=\"303b9dd0\" data-element_type=\"widget\" data-widget_type=\"image.default\">\n\t\t\t\t<div class=\"elementor-widget-container\">\n\t\t\t\t\t<div class=\"elementor-image\">\n\t\t\t\t\t\t\t\t\t\t<img loading=\"lazy\" width=\"1024\" height=\"1024\" src=\"https:\/\/casadasletrasalentejo.pt\/wp-content\/uploads\/2020\/07\/body-stretching-yoga-beauty-1024x1024.jpg\" class=\"attachment-large size-large\" alt=\"\" decoding=\"async\" srcset=\"https:\/\/casadasletrasalentejo.pt\/wp-content\/uploads\/2020\/07\/body-stretching-yoga-beauty-1024x1024.jpg 1024w, https:\/\/casadasletrasalentejo.pt\/wp-content\/uploads\/2020\/07\/body-stretching-yoga-beauty-300x300.jpg 300w, https:\/\/casadasletrasalentejo.pt\/wp-content\/uploads\/2020\/07\/body-stretching-yoga-beauty-150x150.jpg 150w, https:\/\/casadasletrasalentejo.pt\/wp-content\/uploads\/2020\/07\/body-stretching-yoga-beauty-1536x1536.jpg 1536w, https:\/\/casadasletrasalentejo.pt\/wp-content\/uploads\/2020\/07\/body-stretching-yoga-beauty.jpg 1726w\" sizes=\"(max-width: 1024px) 100vw, 1024px\" \/>\t\t\t\t\t\t\t\t\t\t\t<\/div>\n\t\t\t\t<\/div>\n\t\t\t\t<\/div>\n\t\t\t\t\t\t<\/div>\n\t\t\t\t\t<\/div>\n\t\t<\/div>\n\t\t\t\t<div class=\"elementor-column elementor-col-33 elementor-top-column elementor-element elementor-element-4bfae3d9\" data-id=\"4bfae3d9\" data-element_type=\"column\">\n\t\t\t<div class=\"elementor-column-wrap elementor-element-populated\">\n\t\t\t\t\t\t\t<div class=\"elementor-widget-wrap\">\n\t\t\t\t\t\t<div class=\"elementor-element elementor-element-51dec9a9 elementor-widget elementor-widget-image\" data-id=\"51dec9a9\" data-element_type=\"widget\" data-widget_type=\"image.default\">\n\t\t\t\t<div class=\"elementor-widget-container\">\n\t\t\t\t\t<div class=\"elementor-image\">\n\t\t\t\t\t\t\t\t\t\t<img loading=\"lazy\" width=\"683\" height=\"1024\" src=\"https:\/\/casadasletrasalentejo.pt\/wp-content\/uploads\/2020\/07\/person-holding-feet-with-pink-nail-polish-4325476-683x1024.jpg\" class=\"attachment-large size-large\" alt=\"\" decoding=\"async\" srcset=\"https:\/\/casadasletrasalentejo.pt\/wp-content\/uploads\/2020\/07\/person-holding-feet-with-pink-nail-polish-4325476-683x1024.jpg 683w, https:\/\/casadasletrasalentejo.pt\/wp-content\/uploads\/2020\/07\/person-holding-feet-with-pink-nail-polish-4325476-200x300.jpg 200w, https:\/\/casadasletrasalentejo.pt\/wp-content\/uploads\/2020\/07\/person-holding-feet-with-pink-nail-polish-4325476-1024x1536.jpg 1024w, https:\/\/casadasletrasalentejo.pt\/wp-content\/uploads\/2020\/07\/person-holding-feet-with-pink-nail-polish-4325476.jpg 1151w\" sizes=\"(max-width: 683px) 100vw, 683px\" \/>\t\t\t\t\t\t\t\t\t\t\t<\/div>\n\t\t\t\t<\/div>\n\t\t\t\t<\/div>\n\t\t\t\t\t\t<\/div>\n\t\t\t\t\t<\/div>\n\t\t<\/div>\n\t\t\t\t\t\t\t\t<\/div>\n\t\t\t\t\t<\/div>\n\t\t<\/section>\n\t\t\t\t<section class=\"elementor-section elementor-top-section elementor-element elementor-element-5cd34695 elementor-section-boxed elementor-section-height-default elementor-section-height-default\" data-id=\"5cd34695\" data-element_type=\"section\">\n\t\t\t\t\t\t<div class=\"elementor-container elementor-column-gap-default\">\n\t\t\t\t\t\t\t<div class=\"elementor-row\">\n\t\t\t\t\t<div class=\"elementor-column elementor-col-66 elementor-top-column elementor-element elementor-element-45470c54\" data-id=\"45470c54\" data-element_type=\"column\">\n\t\t\t<div class=\"elementor-column-wrap elementor-element-populated\">\n\t\t\t\t\t\t\t<div class=\"elementor-widget-wrap\">\n\t\t\t\t\t\t<div class=\"elementor-element elementor-element-3318fecd elementor-widget elementor-widget-spacer\" data-id=\"3318fecd\" data-element_type=\"widget\" data-widget_type=\"spacer.default\">\n\t\t\t\t<div class=\"elementor-widget-container\">\n\t\t\t\t\t<div class=\"elementor-spacer\">\n\t\t\t<div class=\"elementor-spacer-inner\"><\/div>\n\t\t<\/div>\n\t\t\t\t<\/div>\n\t\t\t\t<\/div>\n\t\t\t\t<div class=\"elementor-element elementor-element-1a9c4cbf elementor-widget elementor-widget-text-editor\" data-id=\"1a9c4cbf\" data-element_type=\"widget\" data-widget_type=\"text-editor.default\">\n\t\t\t\t<div class=\"elementor-widget-container\">\n\t\t\t\t\t<div class=\"elementor-text-editor elementor-clearfix\"><p>Casa das Letras es la primera casa que ofrece una habitaci\u00f3n completamente vac\u00eda que se deja a la imaginaci\u00f3n de cada uno. En nuestra vida siempre estamos rodeados de objetos, se\u00f1ales, luces, colores, etc. En esta habitaci\u00f3n puedo refugiarme para meditar, leer, dormir, hacer Yoga, gimnasia, apoyarme contra sus paredes y pensar&#8230; el cuarto de la nada que tanto necesitamos. La habitaci\u00f3n de la nada est\u00e1 llena de posibilidades.<\/p><\/div>\n\t\t\t\t<\/div>\n\t\t\t\t<\/div>\n\t\t\t\t\t\t<\/div>\n\t\t\t\t\t<\/div>\n\t\t<\/div>\n\t\t\t\t<div class=\"elementor-column elementor-col-33 elementor-top-column elementor-element elementor-element-7d4f7923\" data-id=\"7d4f7923\" data-element_type=\"column\">\n\t\t\t<div class=\"elementor-column-wrap elementor-element-populated\">\n\t\t\t\t\t\t\t<div class=\"elementor-widget-wrap\">\n\t\t\t\t\t\t<div class=\"elementor-element elementor-element-324d19bb elementor-widget elementor-widget-image\" data-id=\"324d19bb\" data-element_type=\"widget\" data-widget_type=\"image.default\">\n\t\t\t\t<div class=\"elementor-widget-container\">\n\t\t\t\t\t<div class=\"elementor-image\">\n\t\t\t\t\t\t\t\t\t\t<img loading=\"lazy\" width=\"1024\" height=\"788\" src=\"https:\/\/casadasletrasalentejo.pt\/wp-content\/uploads\/2020\/07\/nada-1024x788.jpg\" class=\"attachment-large size-large\" alt=\"\" decoding=\"async\" srcset=\"https:\/\/casadasletrasalentejo.pt\/wp-content\/uploads\/2020\/07\/nada-1024x788.jpg 1024w, https:\/\/casadasletrasalentejo.pt\/wp-content\/uploads\/2020\/07\/nada-300x231.jpg 300w, https:\/\/casadasletrasalentejo.pt\/wp-content\/uploads\/2020\/07\/nada.jpg 1038w\" sizes=\"(max-width: 1024px) 100vw, 1024px\" \/>\t\t\t\t\t\t\t\t\t\t\t<\/div>\n\t\t\t\t<\/div>\n\t\t\t\t<\/div>\n\t\t\t\t<div class=\"elementor-element elementor-element-3bdb179e elementor-widget elementor-widget-spacer\" data-id=\"3bdb179e\" data-element_type=\"widget\" data-widget_type=\"spacer.default\">\n\t\t\t\t<div class=\"elementor-widget-container\">\n\t\t\t\t\t<div class=\"elementor-spacer\">\n\t\t\t<div class=\"elementor-spacer-inner\"><\/div>\n\t\t<\/div>\n\t\t\t\t<\/div>\n\t\t\t\t<\/div>\n\t\t\t\t<div class=\"elementor-element elementor-element-634bf754 elementor-widget elementor-widget-image\" data-id=\"634bf754\" data-element_type=\"widget\" data-widget_type=\"image.default\">\n\t\t\t\t<div class=\"elementor-widget-container\">\n\t\t\t\t\t<div class=\"elementor-image\">\n\t\t\t\t\t\t\t\t\t\t<img loading=\"lazy\" width=\"1024\" height=\"788\" src=\"https:\/\/casadasletrasalentejo.pt\/wp-content\/uploads\/2020\/07\/man-s-hand-on-a-woman-s-leg-4100803-1024x788.jpg\" class=\"attachment-large size-large\" alt=\"\" decoding=\"async\" srcset=\"https:\/\/casadasletrasalentejo.pt\/wp-content\/uploads\/2020\/07\/man-s-hand-on-a-woman-s-leg-4100803-1024x788.jpg 1024w, https:\/\/casadasletrasalentejo.pt\/wp-content\/uploads\/2020\/07\/man-s-hand-on-a-woman-s-leg-4100803-300x231.jpg 300w, https:\/\/casadasletrasalentejo.pt\/wp-content\/uploads\/2020\/07\/man-s-hand-on-a-woman-s-leg-4100803.jpg 1038w\" sizes=\"(max-width: 1024px) 100vw, 1024px\" \/>\t\t\t\t\t\t\t\t\t\t\t<\/div>\n\t\t\t\t<\/div>\n\t\t\t\t<\/div>\n\t\t\t\t\t\t<\/div>\n\t\t\t\t\t<\/div>\n\t\t<\/div>\n\t\t\t\t\t\t\t\t<\/div>\n\t\t\t\t\t<\/div>\n\t\t<\/section>\n\t\t\t\t<section class=\"elementor-section elementor-top-section elementor-element elementor-element-1713c5e5 elementor-section-boxed elementor-section-height-default elementor-section-height-default\" data-id=\"1713c5e5\" data-element_type=\"section\">\n\t\t\t\t\t\t<div class=\"elementor-container elementor-column-gap-default\">\n\t\t\t\t\t\t\t<div class=\"elementor-row\">\n\t\t\t\t\t<div class=\"elementor-column elementor-col-100 elementor-top-column elementor-element elementor-element-49c9fb7d\" data-id=\"49c9fb7d\" data-element_type=\"column\">\n\t\t\t<div class=\"elementor-column-wrap elementor-element-populated\">\n\t\t\t\t\t\t\t<div class=\"elementor-widget-wrap\">\n\t\t\t\t\t\t<div class=\"elementor-element elementor-element-5a6d848e elementor-widget elementor-widget-spacer\" data-id=\"5a6d848e\" data-element_type=\"widget\" data-widget_type=\"spacer.default\">\n\t\t\t\t<div class=\"elementor-widget-container\">\n\t\t\t\t\t<div class=\"elementor-spacer\">\n\t\t\t<div class=\"elementor-spacer-inner\"><\/div>\n\t\t<\/div>\n\t\t\t\t<\/div>\n\t\t\t\t<\/div>\n\t\t\t\t\t\t<\/div>\n\t\t\t\t\t<\/div>\n\t\t<\/div>\n\t\t\t\t\t\t\t\t<\/div>\n\t\t\t\t\t<\/div>\n\t\t<\/section>\n\t\t\t\t<section class=\"elementor-section elementor-top-section elementor-element elementor-element-6bde82f8 elementor-section-boxed elementor-section-height-default elementor-section-height-default\" data-id=\"6bde82f8\" data-element_type=\"section\">\n\t\t\t\t\t\t<div class=\"elementor-container elementor-column-gap-default\">\n\t\t\t\t\t\t\t<div class=\"elementor-row\">\n\t\t\t\t\t<div class=\"elementor-column elementor-col-33 elementor-top-column elementor-element elementor-element-7e4eb6a5\" data-id=\"7e4eb6a5\" data-element_type=\"column\">\n\t\t\t<div class=\"elementor-column-wrap\">\n\t\t\t\t\t\t\t<div class=\"elementor-widget-wrap\">\n\t\t\t\t\t\t\t\t<\/div>\n\t\t\t\t\t<\/div>\n\t\t<\/div>\n\t\t\t\t<div class=\"elementor-column elementor-col-33 elementor-top-column elementor-element elementor-element-58cfb511\" data-id=\"58cfb511\" data-element_type=\"column\">\n\t\t\t<div class=\"elementor-column-wrap elementor-element-populated\">\n\t\t\t\t\t\t\t<div class=\"elementor-widget-wrap\">\n\t\t\t\t\t\t<div class=\"elementor-element elementor-element-64c2daf0 elementor-align-center elementor-widget elementor-widget-button\" data-id=\"64c2daf0\" data-element_type=\"widget\" data-widget_type=\"button.default\">\n\t\t\t\t<div class=\"elementor-widget-container\">\n\t\t\t\t\t<div class=\"elementor-button-wrapper\">\n\t\t\t<a href=\"\/es\/book-here\/\" class=\"elementor-button-link elementor-button elementor-size-sm\" role=\"button\">\n\t\t\t\t\t\t<span class=\"elementor-button-content-wrapper\">\n\t\t\t\t\t\t<span class=\"elementor-button-text\">book here<\/span>\n\t\t<\/span>\n\t\t\t\t\t<\/a>\n\t\t<\/div>\n\t\t\t\t<\/div>\n\t\t\t\t<\/div>\n\t\t\t\t\t\t<\/div>\n\t\t\t\t\t<\/div>\n\t\t<\/div>\n\t\t\t\t<div class=\"elementor-column elementor-col-33 elementor-top-column elementor-element elementor-element-72c7ec22\" data-id=\"72c7ec22\" data-element_type=\"column\">\n\t\t\t<div class=\"elementor-column-wrap\">\n\t\t\t\t\t\t\t<div class=\"elementor-widget-wrap\">\n\t\t\t\t\t\t\t\t<\/div>\n\t\t\t\t\t<\/div>\n\t\t<\/div>\n\t\t\t\t\t\t\t\t<\/div>\n\t\t\t\t\t<\/div>\n\t\t<\/section>\n\t\t\t\t\t\t<\/div>\n\t\t\t\t\t\t<\/div>\n\t\t\t\t\t<\/div>\n\t\t","protected":false},"excerpt":{"rendered":"<p>Casa das Letras es la primera casa que ofrece una habitaci\u00f3n completamente vac\u00eda que se deja a la imaginaci\u00f3n de cada uno. En nuestra vida siempre estamos rodeados de objetos, se\u00f1ales, luces, colores, etc. En esta habitaci\u00f3n puedo refugiarme para meditar, leer, dormir, hacer Yoga, gimnasia, apoyarme contra sus paredes y pensar&#8230; el cuarto de [&hellip;]<\/p>\n","protected":false},"author":1,"featured_media":0,"parent":3177,"menu_order":0,"comment_status":"closed","ping_status":"closed","template":"","meta":{"footnotes":""},"yoast_head":"<!-- This site is optimized with the Yoast SEO plugin v21.2 - https:\/\/yoast.com\/wordpress\/plugins\/seo\/ -->\n<title>Habitaci\u00f3n de la Nada - Casa das Letras<\/title>\n<meta name=\"robots\" content=\"index, follow, max-snippet:-1, max-image-preview:large, max-video-preview:-1\" \/>\n<link rel=\"canonical\" href=\"https:\/\/casadasletrasalentejo.pt\/quartos-literarios\/quarto-do-nada\/\" \/>\n<meta property=\"og:locale\" content=\"es_ES\" \/>\n<meta property=\"og:type\" content=\"article\" \/>\n<meta property=\"og:title\" content=\"Habitaci\u00f3n de la Nada - Casa das Letras\" \/>\n<meta property=\"og:description\" content=\"Casa das Letras es la primera casa que ofrece una habitaci\u00f3n completamente vac\u00eda que se deja a la imaginaci\u00f3n de cada uno. En nuestra vida siempre estamos rodeados de objetos, se\u00f1ales, luces, colores, etc. En esta habitaci\u00f3n puedo refugiarme para meditar, leer, dormir, hacer Yoga, gimnasia, apoyarme contra sus paredes y pensar&#8230; el cuarto de [&hellip;]\" \/>\n<meta property=\"og:url\" content=\"https:\/\/casadasletrasalentejo.pt\/quartos-literarios\/quarto-do-nada\/\" \/>\n<meta property=\"og:site_name\" content=\"Casa das Letras\" \/>\n<meta property=\"article:publisher\" content=\"https:\/\/www.facebook.com\/Casa-das-Letras-BedBooks-102804284678280\" \/>\n<meta property=\"article:modified_time\" content=\"2020-07-05T13:14:20+00:00\" \/>\n<meta property=\"og:image\" content=\"https:\/\/casadasletrasalentejo.pt\/wp-content\/uploads\/2020\/07\/body-stretching-yoga-beauty-1024x1024.jpg\" \/>\n<meta name=\"twitter:card\" content=\"summary_large_image\" \/>\n<script type=\"application\/ld+json\" class=\"yoast-schema-graph\">{\"@context\":\"https:\/\/schema.org\",\"@graph\":[{\"@type\":\"WebPage\",\"@id\":\"https:\/\/casadasletrasalentejo.pt\/quartos-literarios\/quarto-do-nada\/\",\"url\":\"https:\/\/casadasletrasalentejo.pt\/quartos-literarios\/quarto-do-nada\/\",\"name\":\"Habitaci\u00f3n de la Nada - Casa das Letras\",\"isPartOf\":{\"@id\":\"https:\/\/casadasletrasalentejo.pt\/#website\"},\"datePublished\":\"2020-05-19T22:28:44+00:00\",\"dateModified\":\"2020-07-05T13:14:20+00:00\",\"breadcrumb\":{\"@id\":\"https:\/\/casadasletrasalentejo.pt\/quartos-literarios\/quarto-do-nada\/#breadcrumb\"},\"inLanguage\":\"es\",\"potentialAction\":[{\"@type\":\"ReadAction\",\"target\":[\"https:\/\/casadasletrasalentejo.pt\/quartos-literarios\/quarto-do-nada\/\"]}]},{\"@type\":\"BreadcrumbList\",\"@id\":\"https:\/\/casadasletrasalentejo.pt\/quartos-literarios\/quarto-do-nada\/#breadcrumb\",\"itemListElement\":[{\"@type\":\"ListItem\",\"position\":1,\"name\":\"In\u00edcio\",\"item\":\"https:\/\/casadasletrasalentejo.pt\/es\/\"},{\"@type\":\"ListItem\",\"position\":2,\"name\":\"Habitaciones Literarias\",\"item\":\"https:\/\/casadasletrasalentejo.pt\/quartos-literarios\/\"},{\"@type\":\"ListItem\",\"position\":3,\"name\":\"Habitaci\u00f3n de la Nada\"}]},{\"@type\":\"WebSite\",\"@id\":\"https:\/\/casadasletrasalentejo.pt\/#website\",\"url\":\"https:\/\/casadasletrasalentejo.pt\/\",\"name\":\"Casa das Letras, Bed & Books\",\"description\":\"bed &amp; books\",\"publisher\":{\"@id\":\"https:\/\/casadasletrasalentejo.pt\/#organization\"},\"potentialAction\":[{\"@type\":\"SearchAction\",\"target\":{\"@type\":\"EntryPoint\",\"urlTemplate\":\"https:\/\/casadasletrasalentejo.pt\/?s={search_term_string}\"},\"query-input\":\"required name=search_term_string\"}],\"inLanguage\":\"es\"},{\"@type\":\"Organization\",\"@id\":\"https:\/\/casadasletrasalentejo.pt\/#organization\",\"name\":\"Casa das Letras - Bed & Books\",\"url\":\"https:\/\/casadasletrasalentejo.pt\/\",\"logo\":{\"@type\":\"ImageObject\",\"inLanguage\":\"es\",\"@id\":\"https:\/\/casadasletrasalentejo.pt\/#\/schema\/logo\/image\/\",\"url\":\"https:\/\/casadasletrasalentejo.pt\/wp-content\/uploads\/2020\/06\/slide1.jpg\",\"contentUrl\":\"https:\/\/casadasletrasalentejo.pt\/wp-content\/uploads\/2020\/06\/slide1.jpg\",\"width\":1479,\"height\":980,\"caption\":\"Casa das Letras - Bed & Books\"},\"image\":{\"@id\":\"https:\/\/casadasletrasalentejo.pt\/#\/schema\/logo\/image\/\"},\"sameAs\":[\"https:\/\/www.facebook.com\/Casa-das-Letras-BedBooks-102804284678280\",\"http:\/\/instagram.com\/casa_das_letras_bed_and_books\"]}]}<\/script>\n<!-- \/ Yoast SEO plugin. -->","yoast_head_json":{"title":"Habitaci\u00f3n de la Nada - Casa das Letras","robots":{"index":"index","follow":"follow","max-snippet":"max-snippet:-1","max-image-preview":"max-image-preview:large","max-video-preview":"max-video-preview:-1"},"canonical":"https:\/\/casadasletrasalentejo.pt\/quartos-literarios\/quarto-do-nada\/","og_locale":"es_ES","og_type":"article","og_title":"Habitaci\u00f3n de la Nada - Casa das Letras","og_description":"Casa das Letras es la primera casa que ofrece una habitaci\u00f3n completamente vac\u00eda que se deja a la imaginaci\u00f3n de cada uno. En nuestra vida siempre estamos rodeados de objetos, se\u00f1ales, luces, colores, etc. En esta habitaci\u00f3n puedo refugiarme para meditar, leer, dormir, hacer Yoga, gimnasia, apoyarme contra sus paredes y pensar&#8230; el cuarto de [&hellip;]","og_url":"https:\/\/casadasletrasalentejo.pt\/quartos-literarios\/quarto-do-nada\/","og_site_name":"Casa das Letras","article_publisher":"https:\/\/www.facebook.com\/Casa-das-Letras-BedBooks-102804284678280","article_modified_time":"2020-07-05T13:14:20+00:00","og_image":[{"url":"https:\/\/casadasletrasalentejo.pt\/wp-content\/uploads\/2020\/07\/body-stretching-yoga-beauty-1024x1024.jpg"}],"twitter_card":"summary_large_image","schema":{"@context":"https:\/\/schema.org","@graph":[{"@type":"WebPage","@id":"https:\/\/casadasletrasalentejo.pt\/quartos-literarios\/quarto-do-nada\/","url":"https:\/\/casadasletrasalentejo.pt\/quartos-literarios\/quarto-do-nada\/","name":"Habitaci\u00f3n de la Nada - Casa das Letras","isPartOf":{"@id":"https:\/\/casadasletrasalentejo.pt\/#website"},"datePublished":"2020-05-19T22:28:44+00:00","dateModified":"2020-07-05T13:14:20+00:00","breadcrumb":{"@id":"https:\/\/casadasletrasalentejo.pt\/quartos-literarios\/quarto-do-nada\/#breadcrumb"},"inLanguage":"es","potentialAction":[{"@type":"ReadAction","target":["https:\/\/casadasletrasalentejo.pt\/quartos-literarios\/quarto-do-nada\/"]}]},{"@type":"BreadcrumbList","@id":"https:\/\/casadasletrasalentejo.pt\/quartos-literarios\/quarto-do-nada\/#breadcrumb","itemListElement":[{"@type":"ListItem","position":1,"name":"In\u00edcio","item":"https:\/\/casadasletrasalentejo.pt\/es\/"},{"@type":"ListItem","position":2,"name":"Habitaciones Literarias","item":"https:\/\/casadasletrasalentejo.pt\/quartos-literarios\/"},{"@type":"ListItem","position":3,"name":"Habitaci\u00f3n de la Nada"}]},{"@type":"WebSite","@id":"https:\/\/casadasletrasalentejo.pt\/#website","url":"https:\/\/casadasletrasalentejo.pt\/","name":"Casa das Letras, Bed & Books","description":"bed &amp; books","publisher":{"@id":"https:\/\/casadasletrasalentejo.pt\/#organization"},"potentialAction":[{"@type":"SearchAction","target":{"@type":"EntryPoint","urlTemplate":"https:\/\/casadasletrasalentejo.pt\/?s={search_term_string}"},"query-input":"required name=search_term_string"}],"inLanguage":"es"},{"@type":"Organization","@id":"https:\/\/casadasletrasalentejo.pt\/#organization","name":"Casa das Letras - Bed & Books","url":"https:\/\/casadasletrasalentejo.pt\/","logo":{"@type":"ImageObject","inLanguage":"es","@id":"https:\/\/casadasletrasalentejo.pt\/#\/schema\/logo\/image\/","url":"https:\/\/casadasletrasalentejo.pt\/wp-content\/uploads\/2020\/06\/slide1.jpg","contentUrl":"https:\/\/casadasletrasalentejo.pt\/wp-content\/uploads\/2020\/06\/slide1.jpg","width":1479,"height":980,"caption":"Casa das Letras - Bed & Books"},"image":{"@id":"https:\/\/casadasletrasalentejo.pt\/#\/schema\/logo\/image\/"},"sameAs":["https:\/\/www.facebook.com\/Casa-das-Letras-BedBooks-102804284678280","http:\/\/instagram.com\/casa_das_letras_bed_and_books"]}]}},"_links":{"self":[{"href":"https:\/\/casadasletrasalentejo.pt\/es\/wp-json\/wp\/v2\/pages\/3194"}],"collection":[{"href":"https:\/\/casadasletrasalentejo.pt\/es\/wp-json\/wp\/v2\/pages"}],"about":[{"href":"https:\/\/casadasletrasalentejo.pt\/es\/wp-json\/wp\/v2\/types\/page"}],"author":[{"embeddable":true,"href":"https:\/\/casadasletrasalentejo.pt\/es\/wp-json\/wp\/v2\/users\/1"}],"replies":[{"embeddable":true,"href":"https:\/\/casadasletrasalentejo.pt\/es\/wp-json\/wp\/v2\/comments?post=3194"}],"version-history":[{"count":6,"href":"https:\/\/casadasletrasalentejo.pt\/es\/wp-json\/wp\/v2\/pages\/3194\/revisions"}],"predecessor-version":[{"id":4125,"href":"https:\/\/casadasletrasalentejo.pt\/es\/wp-json\/wp\/v2\/pages\/3194\/revisions\/4125"}],"up":[{"embeddable":true,"href":"https:\/\/casadasletrasalentejo.pt\/es\/wp-json\/wp\/v2\/pages\/3177"}],"wp:attachment":[{"href":"https:\/\/casadasletrasalentejo.pt\/es\/wp-json\/wp\/v2\/media?parent=3194"}],"curies":[{"name":"wp","href":"https:\/\/api.w.org\/{rel}","templated":true}]}}