{"id":3199,"date":"2020-05-20T22:48:28","date_gmt":"2020-05-20T22:48:28","guid":{"rendered":"http:\/\/casadasletrasalentejo.pt\/?page_id=3199"},"modified":"2020-07-05T09:34:08","modified_gmt":"2020-07-05T09:34:08","slug":"book-here","status":"publish","type":"page","link":"https:\/\/casadasletrasalentejo.pt\/es\/book-here\/","title":{"rendered":"Reservar aqu\u00ed"},"content":{"rendered":"\t\t<div data-elementor-type=\"wp-page\" data-elementor-id=\"3199\" class=\"elementor elementor-3199\" data-elementor-settings=\"[]\">\n\t\t\t\t\t\t<div class=\"elementor-inner\">\n\t\t\t\t\t\t\t<div class=\"elementor-section-wrap\">\n\t\t\t\t\t\t\t<section class=\"elementor-section elementor-top-section elementor-element elementor-element-47e7c08 elementor-section-boxed elementor-section-height-default elementor-section-height-default\" data-id=\"47e7c08\" data-element_type=\"section\">\n\t\t\t\t\t\t<div class=\"elementor-container elementor-column-gap-default\">\n\t\t\t\t\t\t\t<div class=\"elementor-row\">\n\t\t\t\t\t<div class=\"elementor-column elementor-col-100 elementor-top-column elementor-element elementor-element-b075ac2\" data-id=\"b075ac2\" data-element_type=\"column\">\n\t\t\t<div class=\"elementor-column-wrap elementor-element-populated\">\n\t\t\t\t\t\t\t<div class=\"elementor-widget-wrap\">\n\t\t\t\t\t\t<div class=\"elementor-element elementor-element-e9b1b83 elementor-widget elementor-widget-text-editor\" data-id=\"e9b1b83\" data-element_type=\"widget\" data-widget_type=\"text-editor.default\">\n\t\t\t\t<div class=\"elementor-widget-container\">\n\t\t\t\t\t<div class=\"elementor-text-editor elementor-clearfix\"><div class=\"wpb_text_column wpb_content_element \"><div class=\"wpb_wrapper\"><p>Utilice este formulario para solicitar informaci\u00f3n o hacer su reserva.<\/p><p>Los datos que le solicitaremos a continuaci\u00f3n solo ser\u00e1n utilizados para garantizar que encontrar\u00e1 lo que busca en Casa das Letras.<\/p><p>No los compartiremos con nadie y solo los usaremos para contactarle.<\/p><\/div><\/div><\/div>\n\t\t\t\t<\/div>\n\t\t\t\t<\/div>\n\t\t\t\t<div class=\"elementor-element elementor-element-0a9dd8a elementor-widget elementor-widget-spacer\" data-id=\"0a9dd8a\" data-element_type=\"widget\" data-widget_type=\"spacer.default\">\n\t\t\t\t<div class=\"elementor-widget-container\">\n\t\t\t\t\t<div class=\"elementor-spacer\">\n\t\t\t<div class=\"elementor-spacer-inner\"><\/div>\n\t\t<\/div>\n\t\t\t\t<\/div>\n\t\t\t\t<\/div>\n\t\t\t\t<div class=\"elementor-element elementor-element-ac78a69 elementor-widget elementor-widget-contact-form-7\" data-id=\"ac78a69\" data-element_type=\"widget\" data-widget_type=\"contact-form-7.default\">\n\t\t\t\t<div class=\"elementor-widget-container\">\n\t\t\t<div class=\"elementor-contact-form-7 lastudio-elements\">\n<div class=\"wpcf7 no-js\" id=\"wpcf7-f3198-o1\" lang=\"pt-PT\" dir=\"ltr\">\n<div class=\"screen-reader-response\"><p role=\"status\" aria-live=\"polite\" aria-atomic=\"true\"><\/p> <ul><\/ul><\/div>\n<form action=\"\/es\/wp-json\/wp\/v2\/pages\/3199#wpcf7-f3198-o1\" method=\"post\" class=\"wpcf7-form init\" aria-label=\"Formul\u00e1rio de contacto\" novalidate=\"novalidate\" data-status=\"init\">\n<div style=\"display: none;\">\n<input type=\"hidden\" name=\"_wpcf7\" value=\"3198\" \/>\n<input type=\"hidden\" name=\"_wpcf7_version\" value=\"5.8\" \/>\n<input type=\"hidden\" name=\"_wpcf7_locale\" value=\"pt_PT\" \/>\n<input type=\"hidden\" name=\"_wpcf7_unit_tag\" value=\"wpcf7-f3198-o1\" \/>\n<input type=\"hidden\" name=\"_wpcf7_container_post\" value=\"0\" \/>\n<input type=\"hidden\" name=\"_wpcf7_posted_data_hash\" value=\"\" \/>\n<input type=\"hidden\" name=\"_wpcf7_recaptcha_response\" value=\"\" \/>\n<\/div>\n<p><label> Introduzca su nombre aqu\u00ed (obligatorio)<br \/>\n<span class=\"wpcf7-form-control-wrap\" data-name=\"your-name\"><input size=\"40\" class=\"wpcf7-form-control wpcf7-text wpcf7-validates-as-required\" aria-required=\"true\" aria-invalid=\"false\" value=\"\" type=\"text\" name=\"your-name\" \/><\/span> <\/label>\n<\/p>\n<p><label> Introduzca su correo electr\u00f3nico aqu\u00ed (obligatorio)<br \/>\n<span class=\"wpcf7-form-control-wrap\" data-name=\"your-email\"><input size=\"40\" class=\"wpcf7-form-control wpcf7-email wpcf7-validates-as-required wpcf7-text wpcf7-validates-as-email\" aria-required=\"true\" aria-invalid=\"false\" value=\"\" type=\"email\" name=\"your-email\" \/><\/span> <\/label>\n<\/p>\n<p><label> \u00bfCu\u00e1ntas habitaciones necesita? \u00bfCu\u00e1ntas personas? \u00bfPara qu\u00e9 fechas?<br \/>\n<span class=\"wpcf7-form-control-wrap\" data-name=\"questao-1\"><input size=\"40\" class=\"wpcf7-form-control wpcf7-text\" aria-invalid=\"false\" value=\"\" type=\"text\" name=\"questao-1\" \/><\/span> <\/label>\n<\/p>\n<p><label>\u00bfQuiere utilizar la cocina y comer en casa? \u00bfLe gustar\u00eda que le prepararan el desayuno o algunas comidas y\/o para su grupo?<br \/>\n<span class=\"wpcf7-form-control-wrap\" data-name=\"questao-2\"><input size=\"40\" class=\"wpcf7-form-control wpcf7-text\" aria-invalid=\"false\" value=\"\" type=\"text\" name=\"questao-2\" \/><\/span> <\/label>\n<\/p>\n<p><label>\u00bfQuiere que busquemos un libro en particular que le gustar\u00eda leer, o tiene alg\u00fan tema o g\u00e9nero literario favorito?<br \/>\n<span class=\"wpcf7-form-control-wrap\" data-name=\"questao-3\"><input size=\"40\" class=\"wpcf7-form-control wpcf7-text\" aria-invalid=\"false\" value=\"\" type=\"text\" name=\"questao-3\" \/><\/span> <\/label>\n<\/p>\n<p><label>\u00bfPretende alg\u00fan tipo de actividades o tours en la regi\u00f3n que justifiquen nuestra recomendaci\u00f3n?<br \/>\n<span class=\"wpcf7-form-control-wrap\" data-name=\"questao-4\"><input size=\"40\" class=\"wpcf7-form-control wpcf7-text\" aria-invalid=\"false\" value=\"\" type=\"text\" name=\"questao-4\" \/><\/span> <\/label>\n<\/p>\n<p><label>Indique su correo electr\u00f3nico y tel\u00e9fono.<br \/>\n<span class=\"wpcf7-form-control-wrap\" data-name=\"questao-5\"><input size=\"40\" class=\"wpcf7-form-control wpcf7-text\" aria-invalid=\"false\" value=\"\" type=\"text\" name=\"questao-5\" \/><\/span> <\/label>\n<\/p>\n<p><input class=\"wpcf7-form-control wpcf7-submit has-spinner\" type=\"submit\" value=\"ENVIAR\" \/>\n<\/p><div class=\"wpcf7-response-output\" aria-hidden=\"true\"><\/div>\n<\/form>\n<\/div>\n<\/div>\t\t<\/div>\n\t\t\t\t<\/div>\n\t\t\t\t<div class=\"elementor-element elementor-element-16e59c1 elementor-widget elementor-widget-spacer\" data-id=\"16e59c1\" data-element_type=\"widget\" data-widget_type=\"spacer.default\">\n\t\t\t\t<div class=\"elementor-widget-container\">\n\t\t\t\t\t<div class=\"elementor-spacer\">\n\t\t\t<div class=\"elementor-spacer-inner\"><\/div>\n\t\t<\/div>\n\t\t\t\t<\/div>\n\t\t\t\t<\/div>\n\t\t\t\t<div class=\"elementor-element elementor-element-e70b9bd elementor-widget elementor-widget-text-editor\" data-id=\"e70b9bd\" data-element_type=\"widget\" data-widget_type=\"text-editor.default\">\n\t\t\t\t<div class=\"elementor-widget-container\">\n\t\t\t\t\t<div class=\"elementor-text-editor elementor-clearfix\"><div class=\"wpb_text_column wpb_content_element \"><div class=\"wpb_wrapper\"><p>Si desea acompa\u00f1ar las actividades y agenda de Casa das Letras puede seguir nuestro <a href=\"https:\/\/www.facebook.com\/Casa-das-Letras-BedBooks-102804284678280\">Facebook<\/a> y\/o <a href=\"http:\/\/instagram.com\/casa_das_letras_bed_and_books\">Instagram<\/a>.<\/p><\/div><\/div><\/div>\n\t\t\t\t<\/div>\n\t\t\t\t<\/div>\n\t\t\t\t\t\t<\/div>\n\t\t\t\t\t<\/div>\n\t\t<\/div>\n\t\t\t\t\t\t\t\t<\/div>\n\t\t\t\t\t<\/div>\n\t\t<\/section>\n\t\t\t\t<section class=\"elementor-section elementor-top-section elementor-element elementor-element-ecb4982 elementor-section-boxed elementor-section-height-default elementor-section-height-default\" data-id=\"ecb4982\" data-element_type=\"section\">\n\t\t\t\t\t\t<div class=\"elementor-container elementor-column-gap-default\">\n\t\t\t\t\t\t\t<div class=\"elementor-row\">\n\t\t\t\t\t<div class=\"elementor-column elementor-col-100 elementor-top-column elementor-element elementor-element-b4a0d65\" data-id=\"b4a0d65\" data-element_type=\"column\">\n\t\t\t<div class=\"elementor-column-wrap elementor-element-populated\">\n\t\t\t\t\t\t\t<div class=\"elementor-widget-wrap\">\n\t\t\t\t\t\t<div class=\"elementor-element elementor-element-ddd8fa1 elementor-widget elementor-widget-text-editor\" data-id=\"ddd8fa1\" data-element_type=\"widget\" data-widget_type=\"text-editor.default\">\n\t\t\t\t<div class=\"elementor-widget-container\">\n\t\t\t\t\t<div class=\"elementor-text-editor elementor-clearfix\"><div class=\"wpb_text_column wpb_content_element \"><div class=\"wpb_wrapper\"><p>Para garantizar la total seguridad y tranquilidad de los hu\u00e9spedes de Casa das Letras informamos que:<\/p><ul><li>Casa das Letras solo se alquila a un solo hu\u00e9sped o familia, incluso si la reserva es apenas para una habitaci\u00f3n. La exclusividad garantiza as\u00ed cualquier medida de restricci\u00f3n social<\/li><li>Casa das Letras a implementado un plan de higiene detallado y certificado (<span style=\"text-decoration: underline;\"><a href=\"\/plano-de-higienizacao\/\">ver aqu\u00ed<\/a><\/span>) en el que se utilizan los mejores bactericidas, fungicidas y viricidas. Como equipamiento permanente la casa cuenta con dispensadores de gel, en todas las habitaciones y un moderno nebulizador a fr\u00edo que desinfecta permanentemente el aire y las superficies existentes.<\/li><li>Entre la salida de un cliente y la entrada de otro, el per\u00edodo de no alquiler dedicado a la limpieza, desinfecci\u00f3n y preparaci\u00f3n de la casa es de al menos 3 d\u00edas. Durante este per\u00edodo se llevan a cabo las rutinas que se detallan <a href=\"\/plano-de-higienizacao\/\"><u>aqu\u00ed<\/u><\/a>.<\/li><\/ul><\/div><\/div><\/div>\n\t\t\t\t<\/div>\n\t\t\t\t<\/div>\n\t\t\t\t\t\t<\/div>\n\t\t\t\t\t<\/div>\n\t\t<\/div>\n\t\t\t\t\t\t\t\t<\/div>\n\t\t\t\t\t<\/div>\n\t\t<\/section>\n\t\t\t\t\t\t<\/div>\n\t\t\t\t\t\t<\/div>\n\t\t\t\t\t<\/div>\n\t\t","protected":false},"excerpt":{"rendered":"<p>Utilice este formulario para solicitar informaci\u00f3n o hacer su reserva. Los datos que le solicitaremos a continuaci\u00f3n solo ser\u00e1n utilizados para garantizar que encontrar\u00e1 lo que busca en Casa das Letras. No los compartiremos con nadie y solo los usaremos para contactarle. Introduzca su nombre aqu\u00ed (obligatorio) Introduzca su correo electr\u00f3nico aqu\u00ed (obligatorio) \u00bfCu\u00e1ntas habitaciones [&hellip;]<\/p>\n","protected":false},"author":1,"featured_media":0,"parent":0,"menu_order":0,"comment_status":"closed","ping_status":"closed","template":"","meta":{"footnotes":""},"yoast_head":"<!-- This site is optimized with the Yoast SEO plugin v21.2 - https:\/\/yoast.com\/wordpress\/plugins\/seo\/ -->\n<title>Reservar aqu\u00ed - Casa das Letras<\/title>\n<meta name=\"robots\" content=\"index, follow, max-snippet:-1, max-image-preview:large, max-video-preview:-1\" \/>\n<link rel=\"canonical\" href=\"https:\/\/casadasletrasalentejo.pt\/book-here\/\" \/>\n<meta property=\"og:locale\" content=\"es_ES\" \/>\n<meta property=\"og:type\" content=\"article\" \/>\n<meta property=\"og:title\" content=\"Reservar aqu\u00ed - Casa das Letras\" \/>\n<meta property=\"og:description\" content=\"Utilice este formulario para solicitar informaci\u00f3n o hacer su reserva. Los datos que le solicitaremos a continuaci\u00f3n solo ser\u00e1n utilizados para garantizar que encontrar\u00e1 lo que busca en Casa das Letras. No los compartiremos con nadie y solo los usaremos para contactarle. Introduzca su nombre aqu\u00ed (obligatorio) Introduzca su correo electr\u00f3nico aqu\u00ed (obligatorio) \u00bfCu\u00e1ntas habitaciones [&hellip;]\" \/>\n<meta property=\"og:url\" content=\"https:\/\/casadasletrasalentejo.pt\/book-here\/\" \/>\n<meta property=\"og:site_name\" content=\"Casa das Letras\" \/>\n<meta property=\"article:publisher\" content=\"https:\/\/www.facebook.com\/Casa-das-Letras-BedBooks-102804284678280\" \/>\n<meta property=\"article:modified_time\" content=\"2020-07-05T09:34:08+00:00\" \/>\n<meta property=\"og:image\" content=\"https:\/\/casadasletrasalentejo.pt\/wp-content\/uploads\/2020\/06\/slide1.jpg\" \/>\n\t<meta property=\"og:image:width\" content=\"1479\" \/>\n\t<meta property=\"og:image:height\" content=\"980\" \/>\n\t<meta property=\"og:image:type\" content=\"image\/jpeg\" \/>\n<meta name=\"twitter:card\" content=\"summary_large_image\" \/>\n<meta name=\"twitter:label1\" content=\"Tiempo de lectura\" \/>\n\t<meta name=\"twitter:data1\" content=\"2 minutos\" \/>\n<script type=\"application\/ld+json\" class=\"yoast-schema-graph\">{\"@context\":\"https:\/\/schema.org\",\"@graph\":[{\"@type\":\"WebPage\",\"@id\":\"https:\/\/casadasletrasalentejo.pt\/book-here\/\",\"url\":\"https:\/\/casadasletrasalentejo.pt\/book-here\/\",\"name\":\"Reservar aqu\u00ed - Casa das Letras\",\"isPartOf\":{\"@id\":\"https:\/\/casadasletrasalentejo.pt\/#website\"},\"datePublished\":\"2020-05-20T22:48:28+00:00\",\"dateModified\":\"2020-07-05T09:34:08+00:00\",\"breadcrumb\":{\"@id\":\"https:\/\/casadasletrasalentejo.pt\/book-here\/#breadcrumb\"},\"inLanguage\":\"es\",\"potentialAction\":[{\"@type\":\"ReadAction\",\"target\":[\"https:\/\/casadasletrasalentejo.pt\/book-here\/\"]}]},{\"@type\":\"BreadcrumbList\",\"@id\":\"https:\/\/casadasletrasalentejo.pt\/book-here\/#breadcrumb\",\"itemListElement\":[{\"@type\":\"ListItem\",\"position\":1,\"name\":\"In\u00edcio\",\"item\":\"https:\/\/casadasletrasalentejo.pt\/es\/\"},{\"@type\":\"ListItem\",\"position\":2,\"name\":\"Reservar aqu\u00ed\"}]},{\"@type\":\"WebSite\",\"@id\":\"https:\/\/casadasletrasalentejo.pt\/#website\",\"url\":\"https:\/\/casadasletrasalentejo.pt\/\",\"name\":\"Casa das Letras, Bed & Books\",\"description\":\"bed &amp; books\",\"publisher\":{\"@id\":\"https:\/\/casadasletrasalentejo.pt\/#organization\"},\"potentialAction\":[{\"@type\":\"SearchAction\",\"target\":{\"@type\":\"EntryPoint\",\"urlTemplate\":\"https:\/\/casadasletrasalentejo.pt\/?s={search_term_string}\"},\"query-input\":\"required name=search_term_string\"}],\"inLanguage\":\"es\"},{\"@type\":\"Organization\",\"@id\":\"https:\/\/casadasletrasalentejo.pt\/#organization\",\"name\":\"Casa das Letras - Bed & Books\",\"url\":\"https:\/\/casadasletrasalentejo.pt\/\",\"logo\":{\"@type\":\"ImageObject\",\"inLanguage\":\"es\",\"@id\":\"https:\/\/casadasletrasalentejo.pt\/#\/schema\/logo\/image\/\",\"url\":\"https:\/\/casadasletrasalentejo.pt\/wp-content\/uploads\/2020\/06\/slide1.jpg\",\"contentUrl\":\"https:\/\/casadasletrasalentejo.pt\/wp-content\/uploads\/2020\/06\/slide1.jpg\",\"width\":1479,\"height\":980,\"caption\":\"Casa das Letras - Bed & Books\"},\"image\":{\"@id\":\"https:\/\/casadasletrasalentejo.pt\/#\/schema\/logo\/image\/\"},\"sameAs\":[\"https:\/\/www.facebook.com\/Casa-das-Letras-BedBooks-102804284678280\",\"http:\/\/instagram.com\/casa_das_letras_bed_and_books\"]}]}<\/script>\n<!-- \/ Yoast SEO plugin. -->","yoast_head_json":{"title":"Reservar aqu\u00ed - Casa das Letras","robots":{"index":"index","follow":"follow","max-snippet":"max-snippet:-1","max-image-preview":"max-image-preview:large","max-video-preview":"max-video-preview:-1"},"canonical":"https:\/\/casadasletrasalentejo.pt\/book-here\/","og_locale":"es_ES","og_type":"article","og_title":"Reservar aqu\u00ed - Casa das Letras","og_description":"Utilice este formulario para solicitar informaci\u00f3n o hacer su reserva. Los datos que le solicitaremos a continuaci\u00f3n solo ser\u00e1n utilizados para garantizar que encontrar\u00e1 lo que busca en Casa das Letras. No los compartiremos con nadie y solo los usaremos para contactarle. Introduzca su nombre aqu\u00ed (obligatorio) Introduzca su correo electr\u00f3nico aqu\u00ed (obligatorio) \u00bfCu\u00e1ntas habitaciones [&hellip;]","og_url":"https:\/\/casadasletrasalentejo.pt\/book-here\/","og_site_name":"Casa das Letras","article_publisher":"https:\/\/www.facebook.com\/Casa-das-Letras-BedBooks-102804284678280","article_modified_time":"2020-07-05T09:34:08+00:00","og_image":[{"width":1479,"height":980,"url":"https:\/\/casadasletrasalentejo.pt\/wp-content\/uploads\/2020\/06\/slide1.jpg","type":"image\/jpeg"}],"twitter_card":"summary_large_image","twitter_misc":{"Tiempo de lectura":"2 minutos"},"schema":{"@context":"https:\/\/schema.org","@graph":[{"@type":"WebPage","@id":"https:\/\/casadasletrasalentejo.pt\/book-here\/","url":"https:\/\/casadasletrasalentejo.pt\/book-here\/","name":"Reservar aqu\u00ed - Casa das Letras","isPartOf":{"@id":"https:\/\/casadasletrasalentejo.pt\/#website"},"datePublished":"2020-05-20T22:48:28+00:00","dateModified":"2020-07-05T09:34:08+00:00","breadcrumb":{"@id":"https:\/\/casadasletrasalentejo.pt\/book-here\/#breadcrumb"},"inLanguage":"es","potentialAction":[{"@type":"ReadAction","target":["https:\/\/casadasletrasalentejo.pt\/book-here\/"]}]},{"@type":"BreadcrumbList","@id":"https:\/\/casadasletrasalentejo.pt\/book-here\/#breadcrumb","itemListElement":[{"@type":"ListItem","position":1,"name":"In\u00edcio","item":"https:\/\/casadasletrasalentejo.pt\/es\/"},{"@type":"ListItem","position":2,"name":"Reservar aqu\u00ed"}]},{"@type":"WebSite","@id":"https:\/\/casadasletrasalentejo.pt\/#website","url":"https:\/\/casadasletrasalentejo.pt\/","name":"Casa das Letras, Bed & Books","description":"bed &amp; books","publisher":{"@id":"https:\/\/casadasletrasalentejo.pt\/#organization"},"potentialAction":[{"@type":"SearchAction","target":{"@type":"EntryPoint","urlTemplate":"https:\/\/casadasletrasalentejo.pt\/?s={search_term_string}"},"query-input":"required name=search_term_string"}],"inLanguage":"es"},{"@type":"Organization","@id":"https:\/\/casadasletrasalentejo.pt\/#organization","name":"Casa das Letras - Bed & Books","url":"https:\/\/casadasletrasalentejo.pt\/","logo":{"@type":"ImageObject","inLanguage":"es","@id":"https:\/\/casadasletrasalentejo.pt\/#\/schema\/logo\/image\/","url":"https:\/\/casadasletrasalentejo.pt\/wp-content\/uploads\/2020\/06\/slide1.jpg","contentUrl":"https:\/\/casadasletrasalentejo.pt\/wp-content\/uploads\/2020\/06\/slide1.jpg","width":1479,"height":980,"caption":"Casa das Letras - Bed & Books"},"image":{"@id":"https:\/\/casadasletrasalentejo.pt\/#\/schema\/logo\/image\/"},"sameAs":["https:\/\/www.facebook.com\/Casa-das-Letras-BedBooks-102804284678280","http:\/\/instagram.com\/casa_das_letras_bed_and_books"]}]}},"_links":{"self":[{"href":"https:\/\/casadasletrasalentejo.pt\/es\/wp-json\/wp\/v2\/pages\/3199"}],"collection":[{"href":"https:\/\/casadasletrasalentejo.pt\/es\/wp-json\/wp\/v2\/pages"}],"about":[{"href":"https:\/\/casadasletrasalentejo.pt\/es\/wp-json\/wp\/v2\/types\/page"}],"author":[{"embeddable":true,"href":"https:\/\/casadasletrasalentejo.pt\/es\/wp-json\/wp\/v2\/users\/1"}],"replies":[{"embeddable":true,"href":"https:\/\/casadasletrasalentejo.pt\/es\/wp-json\/wp\/v2\/comments?post=3199"}],"version-history":[{"count":9,"href":"https:\/\/casadasletrasalentejo.pt\/es\/wp-json\/wp\/v2\/pages\/3199\/revisions"}],"predecessor-version":[{"id":4090,"href":"https:\/\/casadasletrasalentejo.pt\/es\/wp-json\/wp\/v2\/pages\/3199\/revisions\/4090"}],"wp:attachment":[{"href":"https:\/\/casadasletrasalentejo.pt\/es\/wp-json\/wp\/v2\/media?parent=3199"}],"curies":[{"name":"wp","href":"https:\/\/api.w.org\/{rel}","templated":true}]}}