{"id":3207,"date":"2020-05-21T06:50:55","date_gmt":"2020-05-21T06:50:55","guid":{"rendered":"http:\/\/casadasletrasalentejo.pt\/?page_id=3207"},"modified":"2020-07-29T20:57:18","modified_gmt":"2020-07-29T20:57:18","slug":"contactos","status":"publish","type":"page","link":"https:\/\/casadasletrasalentejo.pt\/es\/contactos\/","title":{"rendered":"Contactos"},"content":{"rendered":"\t\t<div data-elementor-type=\"wp-page\" data-elementor-id=\"3207\" class=\"elementor elementor-3207\" data-elementor-settings=\"[]\">\n\t\t\t\t\t\t<div class=\"elementor-inner\">\n\t\t\t\t\t\t\t<div class=\"elementor-section-wrap\">\n\t\t\t\t\t\t\t<section class=\"elementor-section elementor-top-section elementor-element elementor-element-d61ac99 elementor-section-boxed elementor-section-height-default elementor-section-height-default\" data-id=\"d61ac99\" data-element_type=\"section\">\n\t\t\t\t\t\t<div class=\"elementor-container elementor-column-gap-default\">\n\t\t\t\t\t\t\t<div class=\"elementor-row\">\n\t\t\t\t\t<div class=\"elementor-column elementor-col-50 elementor-top-column elementor-element elementor-element-ff3fe3d\" data-id=\"ff3fe3d\" data-element_type=\"column\">\n\t\t\t<div class=\"elementor-column-wrap elementor-element-populated\">\n\t\t\t\t\t\t\t<div class=\"elementor-widget-wrap\">\n\t\t\t\t\t\t<div class=\"elementor-element elementor-element-350dbd7 elementor-widget elementor-widget-contact-form-7\" data-id=\"350dbd7\" data-element_type=\"widget\" data-widget_type=\"contact-form-7.default\">\n\t\t\t\t<div class=\"elementor-widget-container\">\n\t\t\t<div class=\"elementor-contact-form-7 lastudio-elements\">\n<div class=\"wpcf7 no-js\" id=\"wpcf7-f3333-o1\" lang=\"pt-PT\" dir=\"ltr\">\n<div class=\"screen-reader-response\"><p role=\"status\" aria-live=\"polite\" aria-atomic=\"true\"><\/p> <ul><\/ul><\/div>\n<form action=\"\/es\/wp-json\/wp\/v2\/pages\/3207#wpcf7-f3333-o1\" method=\"post\" class=\"wpcf7-form init\" aria-label=\"Formul\u00e1rio de contacto\" novalidate=\"novalidate\" data-status=\"init\">\n<div style=\"display: none;\">\n<input type=\"hidden\" name=\"_wpcf7\" value=\"3333\" \/>\n<input type=\"hidden\" name=\"_wpcf7_version\" value=\"5.8\" \/>\n<input type=\"hidden\" name=\"_wpcf7_locale\" value=\"pt_PT\" \/>\n<input type=\"hidden\" name=\"_wpcf7_unit_tag\" value=\"wpcf7-f3333-o1\" \/>\n<input type=\"hidden\" name=\"_wpcf7_container_post\" value=\"0\" \/>\n<input type=\"hidden\" name=\"_wpcf7_posted_data_hash\" value=\"\" \/>\n<input type=\"hidden\" name=\"_wpcf7_recaptcha_response\" value=\"\" \/>\n<\/div>\n<p><label> Nombre (obligatorio)<br \/>\n<span class=\"wpcf7-form-control-wrap\" data-name=\"your-name\"><input size=\"40\" class=\"wpcf7-form-control wpcf7-text wpcf7-validates-as-required\" aria-required=\"true\" aria-invalid=\"false\" value=\"\" type=\"text\" name=\"your-name\" \/><\/span> <\/label>\n<\/p>\n<p><label> Correo electr\u00f3nico (obligatorio)<br \/>\n<span class=\"wpcf7-form-control-wrap\" data-name=\"your-email\"><input size=\"40\" class=\"wpcf7-form-control wpcf7-email wpcf7-validates-as-required wpcf7-text wpcf7-validates-as-email\" aria-required=\"true\" aria-invalid=\"false\" value=\"\" type=\"email\" name=\"your-email\" \/><\/span> <\/label>\n<\/p>\n<p><label> Asunto<br \/>\n<span class=\"wpcf7-form-control-wrap\" data-name=\"your-subject\"><input size=\"40\" class=\"wpcf7-form-control wpcf7-text\" aria-invalid=\"false\" value=\"\" type=\"text\" name=\"your-subject\" \/><\/span> <\/label>\n<\/p>\n<p><label> Mensaje<br \/>\n<span class=\"wpcf7-form-control-wrap\" data-name=\"your-message\"><textarea cols=\"40\" rows=\"10\" class=\"wpcf7-form-control wpcf7-textarea\" aria-invalid=\"false\" name=\"your-message\"><\/textarea><\/span> <\/label>\n<\/p>\n<p><input class=\"wpcf7-form-control wpcf7-submit has-spinner\" id=\"elementor-button-text\" type=\"submit\" value=\"Enviar\" \/>\n<\/p><div class=\"wpcf7-response-output\" aria-hidden=\"true\"><\/div>\n<\/form>\n<\/div>\n<\/div>\t\t<\/div>\n\t\t\t\t<\/div>\n\t\t\t\t\t\t<\/div>\n\t\t\t\t\t<\/div>\n\t\t<\/div>\n\t\t\t\t<div class=\"elementor-column elementor-col-50 elementor-top-column elementor-element elementor-element-75b8c2b\" data-id=\"75b8c2b\" data-element_type=\"column\">\n\t\t\t<div class=\"elementor-column-wrap elementor-element-populated\">\n\t\t\t\t\t\t\t<div class=\"elementor-widget-wrap\">\n\t\t\t\t\t\t<div class=\"elementor-element elementor-element-ef90a95 elementor-widget elementor-widget-google_maps\" data-id=\"ef90a95\" data-element_type=\"widget\" data-widget_type=\"google_maps.default\">\n\t\t\t\t<div class=\"elementor-widget-container\">\n\t\t\t<div class=\"elementor-custom-embed\"><iframe frameborder=\"0\" scrolling=\"no\" marginheight=\"0\" marginwidth=\"0\" src=\"https:\/\/maps.google.com\/maps?q=P%C3%A7.%20da%20Rep%C3%BAblica%20n%C2%BA1%2C%207050-406&amp;t=m&amp;z=15&amp;output=embed&amp;iwloc=near\" title=\"P\u00e7. da Rep\u00fablica n\u00ba1, 7050-406\" aria-label=\"P\u00e7. da Rep\u00fablica n\u00ba1, 7050-406\"><\/iframe><\/div>\t\t<\/div>\n\t\t\t\t<\/div>\n\t\t\t\t<div class=\"elementor-element elementor-element-5d56710 elementor-widget elementor-widget-spacer\" data-id=\"5d56710\" data-element_type=\"widget\" data-widget_type=\"spacer.default\">\n\t\t\t\t<div class=\"elementor-widget-container\">\n\t\t\t\t\t<div class=\"elementor-spacer\">\n\t\t\t<div class=\"elementor-spacer-inner\"><\/div>\n\t\t<\/div>\n\t\t\t\t<\/div>\n\t\t\t\t<\/div>\n\t\t\t\t<section class=\"elementor-section elementor-inner-section elementor-element elementor-element-d2d4884 elementor-section-boxed elementor-section-height-default elementor-section-height-default\" data-id=\"d2d4884\" data-element_type=\"section\">\n\t\t\t\t\t\t<div class=\"elementor-container elementor-column-gap-default\">\n\t\t\t\t\t\t\t<div class=\"elementor-row\">\n\t\t\t\t\t<div class=\"elementor-column elementor-col-100 elementor-inner-column elementor-element elementor-element-e7c1b5e\" data-id=\"e7c1b5e\" data-element_type=\"column\">\n\t\t\t<div class=\"elementor-column-wrap elementor-element-populated\">\n\t\t\t\t\t\t\t<div class=\"elementor-widget-wrap\">\n\t\t\t\t\t\t<div class=\"elementor-element elementor-element-c4ae237 elementor-widget elementor-widget-heading\" data-id=\"c4ae237\" data-element_type=\"widget\" data-widget_type=\"heading.default\">\n\t\t\t\t<div class=\"elementor-widget-container\">\n\t\t\t<h6 class=\"elementor-heading-title elementor-size-default\">Direcci\u00f3n<\/h6>\t\t<\/div>\n\t\t\t\t<\/div>\n\t\t\t\t<div class=\"elementor-element elementor-element-e0eb8ef elementor-widget elementor-widget-text-editor\" data-id=\"e0eb8ef\" data-element_type=\"widget\" data-widget_type=\"text-editor.default\">\n\t\t\t\t<div class=\"elementor-widget-container\">\n\t\t\t\t\t<div class=\"elementor-text-editor elementor-clearfix\"><p>P\u00e7. da Rep\u00fablica n\u00ba1<br \/>7050 \u2013 406 Vila de Cabrela<\/p><\/div>\n\t\t\t\t<\/div>\n\t\t\t\t<\/div>\n\t\t\t\t<div class=\"elementor-element elementor-element-2d4c509 elementor-widget-divider--view-line elementor-widget elementor-widget-divider\" data-id=\"2d4c509\" data-element_type=\"widget\" data-widget_type=\"divider.default\">\n\t\t\t\t<div class=\"elementor-widget-container\">\n\t\t\t\t\t<div class=\"elementor-divider\">\n\t\t\t<span class=\"elementor-divider-separator\">\n\t\t\t\t\t\t<\/span>\n\t\t<\/div>\n\t\t\t\t<\/div>\n\t\t\t\t<\/div>\n\t\t\t\t<div class=\"elementor-element elementor-element-2d758ef elementor-widget elementor-widget-heading\" data-id=\"2d758ef\" data-element_type=\"widget\" data-widget_type=\"heading.default\">\n\t\t\t\t<div class=\"elementor-widget-container\">\n\t\t\t<h6 class=\"elementor-heading-title elementor-size-default\">Correo electr\u00f3nico<\/h6>\t\t<\/div>\n\t\t\t\t<\/div>\n\t\t\t\t<div class=\"elementor-element elementor-element-a27ae14 elementor-widget elementor-widget-text-editor\" data-id=\"a27ae14\" data-element_type=\"widget\" data-widget_type=\"text-editor.default\">\n\t\t\t\t<div class=\"elementor-widget-container\">\n\t\t\t\t\t<div class=\"elementor-text-editor elementor-clearfix\"><p>info@casadasletrasalentejo.pt<\/p><\/div>\n\t\t\t\t<\/div>\n\t\t\t\t<\/div>\n\t\t\t\t<div class=\"elementor-element elementor-element-95fd983 elementor-widget-divider--view-line elementor-widget elementor-widget-divider\" data-id=\"95fd983\" data-element_type=\"widget\" data-widget_type=\"divider.default\">\n\t\t\t\t<div class=\"elementor-widget-container\">\n\t\t\t\t\t<div class=\"elementor-divider\">\n\t\t\t<span class=\"elementor-divider-separator\">\n\t\t\t\t\t\t<\/span>\n\t\t<\/div>\n\t\t\t\t<\/div>\n\t\t\t\t<\/div>\n\t\t\t\t<div class=\"elementor-element elementor-element-1c4d85f elementor-widget elementor-widget-heading\" data-id=\"1c4d85f\" data-element_type=\"widget\" data-widget_type=\"heading.default\">\n\t\t\t\t<div class=\"elementor-widget-container\">\n\t\t\t<h6 class=\"elementor-heading-title elementor-size-default\">Tel\u00e9fono<\/h6>\t\t<\/div>\n\t\t\t\t<\/div>\n\t\t\t\t<div class=\"elementor-element elementor-element-7bda610 elementor-widget elementor-widget-text-editor\" data-id=\"7bda610\" data-element_type=\"widget\" data-widget_type=\"text-editor.default\">\n\t\t\t\t<div class=\"elementor-widget-container\">\n\t\t\t\t\t<div class=\"elementor-text-editor elementor-clearfix\">+351 265 895 044<\/div>\n\t\t\t\t<\/div>\n\t\t\t\t<\/div>\n\t\t\t\t\t\t<\/div>\n\t\t\t\t\t<\/div>\n\t\t<\/div>\n\t\t\t\t\t\t\t\t<\/div>\n\t\t\t\t\t<\/div>\n\t\t<\/section>\n\t\t\t\t\t\t<\/div>\n\t\t\t\t\t<\/div>\n\t\t<\/div>\n\t\t\t\t\t\t\t\t<\/div>\n\t\t\t\t\t<\/div>\n\t\t<\/section>\n\t\t\t\t\t\t<\/div>\n\t\t\t\t\t\t<\/div>\n\t\t\t\t\t<\/div>\n\t\t","protected":false},"excerpt":{"rendered":"<p>Nombre (obligatorio) Correo electr\u00f3nico (obligatorio) Asunto Mensaje Direcci\u00f3n P\u00e7. da Rep\u00fablica n\u00ba17050 \u2013 406 Vila de Cabrela Correo electr\u00f3nico info@casadasletrasalentejo.pt Tel\u00e9fono +351 265 895 044<\/p>\n","protected":false},"author":1,"featured_media":0,"parent":0,"menu_order":0,"comment_status":"closed","ping_status":"closed","template":"","meta":{"footnotes":""},"yoast_head":"<!-- This site is optimized with the Yoast SEO plugin v21.2 - https:\/\/yoast.com\/wordpress\/plugins\/seo\/ -->\n<title>Contactos - Casa das Letras<\/title>\n<meta name=\"robots\" content=\"index, follow, max-snippet:-1, max-image-preview:large, max-video-preview:-1\" \/>\n<link rel=\"canonical\" href=\"https:\/\/casadasletrasalentejo.pt\/contactos\/\" \/>\n<meta property=\"og:locale\" content=\"es_ES\" \/>\n<meta property=\"og:type\" content=\"article\" \/>\n<meta property=\"og:title\" content=\"Contactos - Casa das Letras\" \/>\n<meta property=\"og:description\" content=\"Nombre (obligatorio) Correo electr\u00f3nico (obligatorio) Asunto Mensaje Direcci\u00f3n P\u00e7. da Rep\u00fablica n\u00ba17050 \u2013 406 Vila de Cabrela Correo electr\u00f3nico info@casadasletrasalentejo.pt Tel\u00e9fono +351 265 895 044\" \/>\n<meta property=\"og:url\" content=\"https:\/\/casadasletrasalentejo.pt\/contactos\/\" \/>\n<meta property=\"og:site_name\" content=\"Casa das Letras\" \/>\n<meta property=\"article:publisher\" content=\"https:\/\/www.facebook.com\/Casa-das-Letras-BedBooks-102804284678280\" \/>\n<meta property=\"article:modified_time\" content=\"2020-07-29T20:57:18+00:00\" \/>\n<meta property=\"og:image\" content=\"https:\/\/casadasletrasalentejo.pt\/wp-content\/uploads\/2020\/06\/slide1.jpg\" \/>\n\t<meta property=\"og:image:width\" content=\"1479\" \/>\n\t<meta property=\"og:image:height\" content=\"980\" \/>\n\t<meta property=\"og:image:type\" content=\"image\/jpeg\" \/>\n<meta name=\"twitter:card\" content=\"summary_large_image\" \/>\n<script type=\"application\/ld+json\" class=\"yoast-schema-graph\">{\"@context\":\"https:\/\/schema.org\",\"@graph\":[{\"@type\":\"WebPage\",\"@id\":\"https:\/\/casadasletrasalentejo.pt\/contactos\/\",\"url\":\"https:\/\/casadasletrasalentejo.pt\/contactos\/\",\"name\":\"Contactos - Casa das Letras\",\"isPartOf\":{\"@id\":\"https:\/\/casadasletrasalentejo.pt\/#website\"},\"datePublished\":\"2020-05-21T06:50:55+00:00\",\"dateModified\":\"2020-07-29T20:57:18+00:00\",\"breadcrumb\":{\"@id\":\"https:\/\/casadasletrasalentejo.pt\/contactos\/#breadcrumb\"},\"inLanguage\":\"es\",\"potentialAction\":[{\"@type\":\"ReadAction\",\"target\":[\"https:\/\/casadasletrasalentejo.pt\/contactos\/\"]}]},{\"@type\":\"BreadcrumbList\",\"@id\":\"https:\/\/casadasletrasalentejo.pt\/contactos\/#breadcrumb\",\"itemListElement\":[{\"@type\":\"ListItem\",\"position\":1,\"name\":\"In\u00edcio\",\"item\":\"https:\/\/casadasletrasalentejo.pt\/es\/\"},{\"@type\":\"ListItem\",\"position\":2,\"name\":\"Contactos\"}]},{\"@type\":\"WebSite\",\"@id\":\"https:\/\/casadasletrasalentejo.pt\/#website\",\"url\":\"https:\/\/casadasletrasalentejo.pt\/\",\"name\":\"Casa das Letras, Bed & Books\",\"description\":\"bed &amp; books\",\"publisher\":{\"@id\":\"https:\/\/casadasletrasalentejo.pt\/#organization\"},\"potentialAction\":[{\"@type\":\"SearchAction\",\"target\":{\"@type\":\"EntryPoint\",\"urlTemplate\":\"https:\/\/casadasletrasalentejo.pt\/?s={search_term_string}\"},\"query-input\":\"required name=search_term_string\"}],\"inLanguage\":\"es\"},{\"@type\":\"Organization\",\"@id\":\"https:\/\/casadasletrasalentejo.pt\/#organization\",\"name\":\"Casa das Letras - Bed & Books\",\"url\":\"https:\/\/casadasletrasalentejo.pt\/\",\"logo\":{\"@type\":\"ImageObject\",\"inLanguage\":\"es\",\"@id\":\"https:\/\/casadasletrasalentejo.pt\/#\/schema\/logo\/image\/\",\"url\":\"https:\/\/casadasletrasalentejo.pt\/wp-content\/uploads\/2020\/06\/slide1.jpg\",\"contentUrl\":\"https:\/\/casadasletrasalentejo.pt\/wp-content\/uploads\/2020\/06\/slide1.jpg\",\"width\":1479,\"height\":980,\"caption\":\"Casa das Letras - Bed & Books\"},\"image\":{\"@id\":\"https:\/\/casadasletrasalentejo.pt\/#\/schema\/logo\/image\/\"},\"sameAs\":[\"https:\/\/www.facebook.com\/Casa-das-Letras-BedBooks-102804284678280\",\"http:\/\/instagram.com\/casa_das_letras_bed_and_books\"]}]}<\/script>\n<!-- \/ Yoast SEO plugin. -->","yoast_head_json":{"title":"Contactos - Casa das Letras","robots":{"index":"index","follow":"follow","max-snippet":"max-snippet:-1","max-image-preview":"max-image-preview:large","max-video-preview":"max-video-preview:-1"},"canonical":"https:\/\/casadasletrasalentejo.pt\/contactos\/","og_locale":"es_ES","og_type":"article","og_title":"Contactos - Casa das Letras","og_description":"Nombre (obligatorio) Correo electr\u00f3nico (obligatorio) Asunto Mensaje Direcci\u00f3n P\u00e7. da Rep\u00fablica n\u00ba17050 \u2013 406 Vila de Cabrela Correo electr\u00f3nico info@casadasletrasalentejo.pt Tel\u00e9fono +351 265 895 044","og_url":"https:\/\/casadasletrasalentejo.pt\/contactos\/","og_site_name":"Casa das Letras","article_publisher":"https:\/\/www.facebook.com\/Casa-das-Letras-BedBooks-102804284678280","article_modified_time":"2020-07-29T20:57:18+00:00","og_image":[{"width":1479,"height":980,"url":"https:\/\/casadasletrasalentejo.pt\/wp-content\/uploads\/2020\/06\/slide1.jpg","type":"image\/jpeg"}],"twitter_card":"summary_large_image","schema":{"@context":"https:\/\/schema.org","@graph":[{"@type":"WebPage","@id":"https:\/\/casadasletrasalentejo.pt\/contactos\/","url":"https:\/\/casadasletrasalentejo.pt\/contactos\/","name":"Contactos - Casa das Letras","isPartOf":{"@id":"https:\/\/casadasletrasalentejo.pt\/#website"},"datePublished":"2020-05-21T06:50:55+00:00","dateModified":"2020-07-29T20:57:18+00:00","breadcrumb":{"@id":"https:\/\/casadasletrasalentejo.pt\/contactos\/#breadcrumb"},"inLanguage":"es","potentialAction":[{"@type":"ReadAction","target":["https:\/\/casadasletrasalentejo.pt\/contactos\/"]}]},{"@type":"BreadcrumbList","@id":"https:\/\/casadasletrasalentejo.pt\/contactos\/#breadcrumb","itemListElement":[{"@type":"ListItem","position":1,"name":"In\u00edcio","item":"https:\/\/casadasletrasalentejo.pt\/es\/"},{"@type":"ListItem","position":2,"name":"Contactos"}]},{"@type":"WebSite","@id":"https:\/\/casadasletrasalentejo.pt\/#website","url":"https:\/\/casadasletrasalentejo.pt\/","name":"Casa das Letras, Bed & Books","description":"bed &amp; books","publisher":{"@id":"https:\/\/casadasletrasalentejo.pt\/#organization"},"potentialAction":[{"@type":"SearchAction","target":{"@type":"EntryPoint","urlTemplate":"https:\/\/casadasletrasalentejo.pt\/?s={search_term_string}"},"query-input":"required name=search_term_string"}],"inLanguage":"es"},{"@type":"Organization","@id":"https:\/\/casadasletrasalentejo.pt\/#organization","name":"Casa das Letras - Bed & Books","url":"https:\/\/casadasletrasalentejo.pt\/","logo":{"@type":"ImageObject","inLanguage":"es","@id":"https:\/\/casadasletrasalentejo.pt\/#\/schema\/logo\/image\/","url":"https:\/\/casadasletrasalentejo.pt\/wp-content\/uploads\/2020\/06\/slide1.jpg","contentUrl":"https:\/\/casadasletrasalentejo.pt\/wp-content\/uploads\/2020\/06\/slide1.jpg","width":1479,"height":980,"caption":"Casa das Letras - Bed & Books"},"image":{"@id":"https:\/\/casadasletrasalentejo.pt\/#\/schema\/logo\/image\/"},"sameAs":["https:\/\/www.facebook.com\/Casa-das-Letras-BedBooks-102804284678280","http:\/\/instagram.com\/casa_das_letras_bed_and_books"]}]}},"_links":{"self":[{"href":"https:\/\/casadasletrasalentejo.pt\/es\/wp-json\/wp\/v2\/pages\/3207"}],"collection":[{"href":"https:\/\/casadasletrasalentejo.pt\/es\/wp-json\/wp\/v2\/pages"}],"about":[{"href":"https:\/\/casadasletrasalentejo.pt\/es\/wp-json\/wp\/v2\/types\/page"}],"author":[{"embeddable":true,"href":"https:\/\/casadasletrasalentejo.pt\/es\/wp-json\/wp\/v2\/users\/1"}],"replies":[{"embeddable":true,"href":"https:\/\/casadasletrasalentejo.pt\/es\/wp-json\/wp\/v2\/comments?post=3207"}],"version-history":[{"count":11,"href":"https:\/\/casadasletrasalentejo.pt\/es\/wp-json\/wp\/v2\/pages\/3207\/revisions"}],"predecessor-version":[{"id":4192,"href":"https:\/\/casadasletrasalentejo.pt\/es\/wp-json\/wp\/v2\/pages\/3207\/revisions\/4192"}],"wp:attachment":[{"href":"https:\/\/casadasletrasalentejo.pt\/es\/wp-json\/wp\/v2\/media?parent=3207"}],"curies":[{"name":"wp","href":"https:\/\/api.w.org\/{rel}","templated":true}]}}