{"id":4219,"date":"2020-09-17T08:58:48","date_gmt":"2020-09-17T08:58:48","guid":{"rendered":"https:\/\/casadasletrasalentejo.pt\/?page_id=4219"},"modified":"2020-09-17T09:05:07","modified_gmt":"2020-09-17T09:05:07","slug":"politica-de-privacidade-e-cookies","status":"publish","type":"page","link":"https:\/\/casadasletrasalentejo.pt\/es\/politica-de-privacidade-e-cookies\/","title":{"rendered":"Pol\u00edtica de Privacidade e cookies"},"content":{"rendered":"\t\t<div data-elementor-type=\"wp-page\" data-elementor-id=\"4219\" class=\"elementor elementor-4219\" data-elementor-settings=\"[]\">\n\t\t\t\t\t\t<div class=\"elementor-inner\">\n\t\t\t\t\t\t\t<div class=\"elementor-section-wrap\">\n\t\t\t\t\t\t\t<section class=\"elementor-section elementor-top-section elementor-element elementor-element-e1bb5dd elementor-section-boxed elementor-section-height-default elementor-section-height-default\" data-id=\"e1bb5dd\" data-element_type=\"section\">\n\t\t\t\t\t\t<div class=\"elementor-container elementor-column-gap-default\">\n\t\t\t\t\t\t\t<div class=\"elementor-row\">\n\t\t\t\t\t<div class=\"elementor-column elementor-col-100 elementor-top-column elementor-element elementor-element-ca486c2\" data-id=\"ca486c2\" data-element_type=\"column\">\n\t\t\t<div class=\"elementor-column-wrap elementor-element-populated\">\n\t\t\t\t\t\t\t<div class=\"elementor-widget-wrap\">\n\t\t\t\t\t\t<div class=\"elementor-element elementor-element-d2cbdff elementor-widget elementor-widget-text-editor\" data-id=\"d2cbdff\" data-element_type=\"widget\" data-widget_type=\"text-editor.default\">\n\t\t\t\t<div class=\"elementor-widget-container\">\n\t\t\t\t\t<div class=\"elementor-text-editor elementor-clearfix\"><p>O website Casa das Letras, disponivel online no endere\u00e7o https:\/\/www.casadasletrasalentejo.com e\u00a0<span style=\"font-family: Roboto; font-size: 14px; font-style: normal; font-variant-ligatures: normal; font-variant-caps: normal; font-weight: 400;\">doravante designado o \u00abWebsite\u00bb,\u00a0<\/span>\u00e9 da responsabilidade da empresa Matrizmargem, Lda, doravante designada a \u201cEmpresa\u201d.<\/p><p>Convid\u00e1mo-lo a ler atentamente a Pol\u00edtica de Privacidade e Cookies e os Termos e Condi\u00e7\u00f5es previamente \u00e0 utiliza\u00e7\u00e3o do Website, de forma a verificar se est\u00e1 de acordo com os respetivos termos.<\/p><h2>Pol\u00edtica de Privacidade<\/h2><p>Esta Pol\u00edtica de Privacidade descreve as informa\u00e7\u00f5es de car\u00e1cter pessoal recolhidas no Website, o seu tratamento e utiliza\u00e7\u00e3o e indica os meios ao disp\u00f4r do utilizador para aceder, alterar ou solicitar a remo\u00e7\u00e3o do todo ou parte da sua informa\u00e7\u00e3o.<\/p><p style=\"font-style: normal; font-variant-ligatures: normal; font-variant-caps: normal; font-weight: 400; font-size: 14px; font-family: Roboto;\">A Empresa disponibiliza esta Pol\u00edtica de Privacidade e informa o utilizador da sua exist\u00eancia sempre que \u00e9 solicitada qualquer informa\u00e7\u00e3o de car\u00e1cter pessoal. A navega\u00e7\u00e3o e\/ou a participa\u00e7\u00e3o sob qualquer forma no website, pressup\u00f5em o conhecimento e a aceita\u00e7\u00e3o integral desta Politica de Privacidade.<\/p><p>Os utilizadores e visitantes do Website reconhecem que ao navegarem e\/ou interagirem com o Website, seja atrav\u00e9s do preenchimento de um formul\u00e1rio ou da simples consulta de p\u00e1ginas, fornecem directa ou indirectamente informa\u00e7\u00e3o que est\u00e1 sujeita comunica\u00e7\u00e3o por redes e a registo por sistemas inform\u00e1ticos.<\/p><p>Quando s\u00e3o fornecidas informa\u00e7\u00f5es pessoais neste Website, a Empresa compromete-se a us\u00e1-las unicamente de acordo com esta Pol\u00edtica de Privacidade. Em particular, a Empresa compromete-se a n\u00e3o partilhar, ceder ou disponibilizar a terceiros, seja por que meio for, as informa\u00e7\u00f5es de car\u00e1cter pessoal que mantenha em seu poder. Estes dados poder\u00e3o ser utilizados pela pr\u00f3pria Empresa no sentido de comunicar aos utilizadores informa\u00e7\u00f5es, e\/ou ofertas dos seus produtos e servi\u00e7os.<\/p><p>A qualquer momento o utilizador poder\u00e1 solicitar a consulta, correc\u00e7\u00e3o ou actualiza\u00e7\u00e3o da sua informa\u00e7\u00e3o pessoal atrav\u00e9s das v\u00e1rias formas de contacto disponibilizadas.<\/p><p>A Empresa toma todas as precau\u00e7\u00f5es ao seu alcance no sentido de garantir a protec\u00e7\u00e3o e integridade dos dados pessoais registados. No entanto os utilizadores reconhecem que o sistema \u00e9 suportado por uma plataforma inform\u00e1tica e uma rede aberta (internet) sujeita a tentativas de instrus\u00e3o e a falhas de funcionamento intrinsecas aos pr\u00f3prios sistemas.<\/p><p style=\"font-style: normal; font-variant-ligatures: normal; font-variant-caps: normal; font-weight: 400; font-size: 14px; font-family: Roboto;\">O website utiliza nos seus formularios de contacto ferramentas de protec\u00e7\u00e3o anti-spam cuja politica de privacidade pode ser consultada aqui<br \/><a href=\"https:\/\/policies.google.com\/terms?hl=pt-PT\" target=\"_blank\" rel=\"noopener\">https:\/\/policies.google.com\/terms?hl=pt-PT<\/a><\/p><div>\u00a0<span style=\"font-family: Amiri; font-size: 36px; font-weight: normal;\">Utiliza\u00e7\u00e3o de cookies<\/span><\/div><p>Um \u201ccookie\u201d \u00e9 um pequeno ficheiro de informa\u00e7\u00e3o, geralmente composto por letras e n\u00fameros, enviado pelo servidor do website e gravado no computador do utilizador. Esta a\u00e7\u00e3o, permite que o website reconhe\u00e7a o utilizador aquando de uma nova visita, permitindo assim apresentar-lhe informa\u00e7\u00e3o personalizada e adaptada aos seus requisitos e interesses e melhorando a experi\u00eancia de navega\u00e7\u00e3o e visita.<\/p><p>O website utiliza \u201ccookies\u201d para melhorar a experi\u00eancia de navega\u00e7\u00e3o do utilizador e adequar os conte\u00fados e demais funcionalidades aos interesses e \u00e0s necessidades dos visitantes. A recusa de aceita\u00e7\u00e3o de \u201ccookies\u201d poder\u00e1 reduzir a experi\u00eancia de nevaga\u00e7\u00e3o.<\/p><p>O website utiliza igualmente ferramentas de an\u00e1lise estatistica para medi\u00e7\u00e3o e caracteriza\u00e7\u00e3o das audi\u00eancias que poder\u00e3o ser usadas tanto para personalizar e melhorar a sua experi\u00eancia no website como para avaliar estat\u00edsticas sobre o seu uso e desempenho.<\/p><p>O sistema regista igualmente informa\u00e7\u00f5es sobre o computador, o tipo de browser e o tipo de sistema operacional usados, que podem ser agregadas aos dados pessoais, como forma de optimizar o pr\u00f3prio website para as necessidades dos visitantes.<\/p><h2>Altera\u00e7\u00f5es e contactos<\/h2><p>A presente Pol\u00edtica de Privacidade poder\u00e1 alterada, designadamente, em fun\u00e7\u00e3o de novas exig\u00eancias legislativas e\/ou regulamentares, por motivos de seguran\u00e7a, com a finalidade de a adaptar \u00e0s instru\u00e7\u00f5es da autoridade de controlo em mat\u00e9ria de prote\u00e7\u00e3o de dados ou quando, por qualquer motivo, pretendamos rever os procedimentos de tratamento de dados pessoais, com vista a garantir a privacidade e seguran\u00e7a dos seus dados.<\/p><p>A Empresa disponibiliza no Website formas de contacto via telefone, correio electr\u00f3nico e a sua morada fisica. Quaisquer coment\u00e1rios, duvidas, reclama\u00e7\u00f5es ou pedidos de esclarecimento sobre esta Pol\u00edtica de Privacidade ou sobre o website em geral, dever\u00e3o ser feitos atrav\u00e9s dos contactos dispon\u00edveis.<\/p><p>Lisboa, 16 de Setembro de 2020<\/p><\/div>\n\t\t\t\t<\/div>\n\t\t\t\t<\/div>\n\t\t\t\t\t\t<\/div>\n\t\t\t\t\t<\/div>\n\t\t<\/div>\n\t\t\t\t\t\t\t\t<\/div>\n\t\t\t\t\t<\/div>\n\t\t<\/section>\n\t\t\t\t\t\t<\/div>\n\t\t\t\t\t\t<\/div>\n\t\t\t\t\t<\/div>\n\t\t","protected":false},"excerpt":{"rendered":"<p>O website Casa das Letras, disponivel online no endere\u00e7o https:\/\/www.casadasletrasalentejo.com e\u00a0doravante designado o \u00abWebsite\u00bb,\u00a0\u00e9 da responsabilidade da empresa Matrizmargem, Lda, doravante designada a \u201cEmpresa\u201d. Convid\u00e1mo-lo a ler atentamente a Pol\u00edtica de Privacidade e Cookies e os Termos e Condi\u00e7\u00f5es previamente \u00e0 utiliza\u00e7\u00e3o do Website, de forma a verificar se est\u00e1 de acordo com os respetivos [&hellip;]<\/p>\n","protected":false},"author":3,"featured_media":0,"parent":0,"menu_order":0,"comment_status":"closed","ping_status":"closed","template":"","meta":{"footnotes":""},"yoast_head":"<!-- This site is optimized with the Yoast SEO plugin v21.2 - https:\/\/yoast.com\/wordpress\/plugins\/seo\/ -->\n<title>Pol\u00edtica de Privacidade e cookies - Casa das Letras<\/title>\n<meta name=\"robots\" content=\"index, follow, max-snippet:-1, max-image-preview:large, max-video-preview:-1\" \/>\n<link rel=\"canonical\" href=\"https:\/\/casadasletrasalentejo.pt\/politica-de-privacidade\/\" \/>\n<meta property=\"og:locale\" content=\"es_ES\" \/>\n<meta property=\"og:type\" content=\"article\" \/>\n<meta property=\"og:title\" content=\"Pol\u00edtica de Privacidade e cookies - Casa das Letras\" \/>\n<meta property=\"og:description\" content=\"O website Casa das Letras, disponivel online no endere\u00e7o https:\/\/www.casadasletrasalentejo.com e\u00a0doravante designado o \u00abWebsite\u00bb,\u00a0\u00e9 da responsabilidade da empresa Matrizmargem, Lda, doravante designada a \u201cEmpresa\u201d. Convid\u00e1mo-lo a ler atentamente a Pol\u00edtica de Privacidade e Cookies e os Termos e Condi\u00e7\u00f5es previamente \u00e0 utiliza\u00e7\u00e3o do Website, de forma a verificar se est\u00e1 de acordo com os respetivos [&hellip;]\" \/>\n<meta property=\"og:url\" content=\"https:\/\/casadasletrasalentejo.pt\/politica-de-privacidade\/\" \/>\n<meta property=\"og:site_name\" content=\"Casa das Letras\" \/>\n<meta property=\"article:publisher\" content=\"https:\/\/www.facebook.com\/Casa-das-Letras-BedBooks-102804284678280\" \/>\n<meta property=\"article:modified_time\" content=\"2020-09-17T09:05:07+00:00\" \/>\n<meta property=\"og:image\" content=\"https:\/\/casadasletrasalentejo.pt\/wp-content\/uploads\/2020\/06\/slide1.jpg\" \/>\n\t<meta property=\"og:image:width\" content=\"1479\" \/>\n\t<meta property=\"og:image:height\" content=\"980\" \/>\n\t<meta property=\"og:image:type\" content=\"image\/jpeg\" \/>\n<meta name=\"twitter:card\" content=\"summary_large_image\" \/>\n<meta name=\"twitter:label1\" content=\"Tiempo de lectura\" \/>\n\t<meta name=\"twitter:data1\" content=\"4 minutos\" \/>\n<script type=\"application\/ld+json\" class=\"yoast-schema-graph\">{\"@context\":\"https:\/\/schema.org\",\"@graph\":[{\"@type\":\"WebPage\",\"@id\":\"https:\/\/casadasletrasalentejo.pt\/politica-de-privacidade\/\",\"url\":\"https:\/\/casadasletrasalentejo.pt\/politica-de-privacidade\/\",\"name\":\"Pol\u00edtica de Privacidade e cookies - Casa das Letras\",\"isPartOf\":{\"@id\":\"https:\/\/casadasletrasalentejo.pt\/#website\"},\"datePublished\":\"2020-09-17T08:58:48+00:00\",\"dateModified\":\"2020-09-17T09:05:07+00:00\",\"breadcrumb\":{\"@id\":\"https:\/\/casadasletrasalentejo.pt\/politica-de-privacidade\/#breadcrumb\"},\"inLanguage\":\"es\",\"potentialAction\":[{\"@type\":\"ReadAction\",\"target\":[\"https:\/\/casadasletrasalentejo.pt\/politica-de-privacidade\/\"]}]},{\"@type\":\"BreadcrumbList\",\"@id\":\"https:\/\/casadasletrasalentejo.pt\/politica-de-privacidade\/#breadcrumb\",\"itemListElement\":[{\"@type\":\"ListItem\",\"position\":1,\"name\":\"In\u00edcio\",\"item\":\"https:\/\/casadasletrasalentejo.pt\/es\/\"},{\"@type\":\"ListItem\",\"position\":2,\"name\":\"Pol\u00edtica de Privacidade e cookies\"}]},{\"@type\":\"WebSite\",\"@id\":\"https:\/\/casadasletrasalentejo.pt\/#website\",\"url\":\"https:\/\/casadasletrasalentejo.pt\/\",\"name\":\"Casa das Letras, Bed & Books\",\"description\":\"bed &amp; books\",\"publisher\":{\"@id\":\"https:\/\/casadasletrasalentejo.pt\/#organization\"},\"potentialAction\":[{\"@type\":\"SearchAction\",\"target\":{\"@type\":\"EntryPoint\",\"urlTemplate\":\"https:\/\/casadasletrasalentejo.pt\/?s={search_term_string}\"},\"query-input\":\"required name=search_term_string\"}],\"inLanguage\":\"es\"},{\"@type\":\"Organization\",\"@id\":\"https:\/\/casadasletrasalentejo.pt\/#organization\",\"name\":\"Casa das Letras - Bed & Books\",\"url\":\"https:\/\/casadasletrasalentejo.pt\/\",\"logo\":{\"@type\":\"ImageObject\",\"inLanguage\":\"es\",\"@id\":\"https:\/\/casadasletrasalentejo.pt\/#\/schema\/logo\/image\/\",\"url\":\"https:\/\/casadasletrasalentejo.pt\/wp-content\/uploads\/2020\/06\/slide1.jpg\",\"contentUrl\":\"https:\/\/casadasletrasalentejo.pt\/wp-content\/uploads\/2020\/06\/slide1.jpg\",\"width\":1479,\"height\":980,\"caption\":\"Casa das Letras - Bed & Books\"},\"image\":{\"@id\":\"https:\/\/casadasletrasalentejo.pt\/#\/schema\/logo\/image\/\"},\"sameAs\":[\"https:\/\/www.facebook.com\/Casa-das-Letras-BedBooks-102804284678280\",\"http:\/\/instagram.com\/casa_das_letras_bed_and_books\"]}]}<\/script>\n<!-- \/ Yoast SEO plugin. -->","yoast_head_json":{"title":"Pol\u00edtica de Privacidade e cookies - Casa das Letras","robots":{"index":"index","follow":"follow","max-snippet":"max-snippet:-1","max-image-preview":"max-image-preview:large","max-video-preview":"max-video-preview:-1"},"canonical":"https:\/\/casadasletrasalentejo.pt\/politica-de-privacidade\/","og_locale":"es_ES","og_type":"article","og_title":"Pol\u00edtica de Privacidade e cookies - Casa das Letras","og_description":"O website Casa das Letras, disponivel online no endere\u00e7o https:\/\/www.casadasletrasalentejo.com e\u00a0doravante designado o \u00abWebsite\u00bb,\u00a0\u00e9 da responsabilidade da empresa Matrizmargem, Lda, doravante designada a \u201cEmpresa\u201d. Convid\u00e1mo-lo a ler atentamente a Pol\u00edtica de Privacidade e Cookies e os Termos e Condi\u00e7\u00f5es previamente \u00e0 utiliza\u00e7\u00e3o do Website, de forma a verificar se est\u00e1 de acordo com os respetivos [&hellip;]","og_url":"https:\/\/casadasletrasalentejo.pt\/politica-de-privacidade\/","og_site_name":"Casa das Letras","article_publisher":"https:\/\/www.facebook.com\/Casa-das-Letras-BedBooks-102804284678280","article_modified_time":"2020-09-17T09:05:07+00:00","og_image":[{"width":1479,"height":980,"url":"https:\/\/casadasletrasalentejo.pt\/wp-content\/uploads\/2020\/06\/slide1.jpg","type":"image\/jpeg"}],"twitter_card":"summary_large_image","twitter_misc":{"Tiempo de lectura":"4 minutos"},"schema":{"@context":"https:\/\/schema.org","@graph":[{"@type":"WebPage","@id":"https:\/\/casadasletrasalentejo.pt\/politica-de-privacidade\/","url":"https:\/\/casadasletrasalentejo.pt\/politica-de-privacidade\/","name":"Pol\u00edtica de Privacidade e cookies - Casa das Letras","isPartOf":{"@id":"https:\/\/casadasletrasalentejo.pt\/#website"},"datePublished":"2020-09-17T08:58:48+00:00","dateModified":"2020-09-17T09:05:07+00:00","breadcrumb":{"@id":"https:\/\/casadasletrasalentejo.pt\/politica-de-privacidade\/#breadcrumb"},"inLanguage":"es","potentialAction":[{"@type":"ReadAction","target":["https:\/\/casadasletrasalentejo.pt\/politica-de-privacidade\/"]}]},{"@type":"BreadcrumbList","@id":"https:\/\/casadasletrasalentejo.pt\/politica-de-privacidade\/#breadcrumb","itemListElement":[{"@type":"ListItem","position":1,"name":"In\u00edcio","item":"https:\/\/casadasletrasalentejo.pt\/es\/"},{"@type":"ListItem","position":2,"name":"Pol\u00edtica de Privacidade e cookies"}]},{"@type":"WebSite","@id":"https:\/\/casadasletrasalentejo.pt\/#website","url":"https:\/\/casadasletrasalentejo.pt\/","name":"Casa das Letras, Bed & Books","description":"bed &amp; books","publisher":{"@id":"https:\/\/casadasletrasalentejo.pt\/#organization"},"potentialAction":[{"@type":"SearchAction","target":{"@type":"EntryPoint","urlTemplate":"https:\/\/casadasletrasalentejo.pt\/?s={search_term_string}"},"query-input":"required name=search_term_string"}],"inLanguage":"es"},{"@type":"Organization","@id":"https:\/\/casadasletrasalentejo.pt\/#organization","name":"Casa das Letras - Bed & Books","url":"https:\/\/casadasletrasalentejo.pt\/","logo":{"@type":"ImageObject","inLanguage":"es","@id":"https:\/\/casadasletrasalentejo.pt\/#\/schema\/logo\/image\/","url":"https:\/\/casadasletrasalentejo.pt\/wp-content\/uploads\/2020\/06\/slide1.jpg","contentUrl":"https:\/\/casadasletrasalentejo.pt\/wp-content\/uploads\/2020\/06\/slide1.jpg","width":1479,"height":980,"caption":"Casa das Letras - Bed & Books"},"image":{"@id":"https:\/\/casadasletrasalentejo.pt\/#\/schema\/logo\/image\/"},"sameAs":["https:\/\/www.facebook.com\/Casa-das-Letras-BedBooks-102804284678280","http:\/\/instagram.com\/casa_das_letras_bed_and_books"]}]}},"_links":{"self":[{"href":"https:\/\/casadasletrasalentejo.pt\/es\/wp-json\/wp\/v2\/pages\/4219"}],"collection":[{"href":"https:\/\/casadasletrasalentejo.pt\/es\/wp-json\/wp\/v2\/pages"}],"about":[{"href":"https:\/\/casadasletrasalentejo.pt\/es\/wp-json\/wp\/v2\/types\/page"}],"author":[{"embeddable":true,"href":"https:\/\/casadasletrasalentejo.pt\/es\/wp-json\/wp\/v2\/users\/3"}],"replies":[{"embeddable":true,"href":"https:\/\/casadasletrasalentejo.pt\/es\/wp-json\/wp\/v2\/comments?post=4219"}],"version-history":[{"count":4,"href":"https:\/\/casadasletrasalentejo.pt\/es\/wp-json\/wp\/v2\/pages\/4219\/revisions"}],"predecessor-version":[{"id":4234,"href":"https:\/\/casadasletrasalentejo.pt\/es\/wp-json\/wp\/v2\/pages\/4219\/revisions\/4234"}],"wp:attachment":[{"href":"https:\/\/casadasletrasalentejo.pt\/es\/wp-json\/wp\/v2\/media?parent=4219"}],"curies":[{"name":"wp","href":"https:\/\/api.w.org\/{rel}","templated":true}]}}