{"id":3239,"date":"2020-05-21T07:18:13","date_gmt":"2020-05-21T07:18:13","guid":{"rendered":"http:\/\/casadasletrasalentejo.pt\/?page_id=3239"},"modified":"2020-07-05T13:13:28","modified_gmt":"2020-07-05T13:13:28","slug":"quarto-do-nada-chambre-du-rien","status":"publish","type":"page","link":"https:\/\/casadasletrasalentejo.pt\/fr\/chambres-litteraires\/quarto-do-nada-chambre-du-rien\/","title":{"rendered":"Quarto do Nada"},"content":{"rendered":"\t\t<div data-elementor-type=\"wp-page\" data-elementor-id=\"3239\" class=\"elementor elementor-3239\" data-elementor-settings=\"[]\">\n\t\t\t\t\t\t<div class=\"elementor-inner\">\n\t\t\t\t\t\t\t<div class=\"elementor-section-wrap\">\n\t\t\t\t\t\t\t<section class=\"elementor-section elementor-top-section elementor-element elementor-element-9db681c elementor-section-boxed elementor-section-height-default elementor-section-height-default\" data-id=\"9db681c\" data-element_type=\"section\">\n\t\t\t\t\t\t<div class=\"elementor-container elementor-column-gap-default\">\n\t\t\t\t\t\t\t<div class=\"elementor-row\">\n\t\t\t\t\t<div class=\"elementor-column elementor-col-66 elementor-top-column elementor-element elementor-element-530a2b3a\" data-id=\"530a2b3a\" data-element_type=\"column\">\n\t\t\t<div class=\"elementor-column-wrap elementor-element-populated\">\n\t\t\t\t\t\t\t<div class=\"elementor-widget-wrap\">\n\t\t\t\t\t\t<div class=\"elementor-element elementor-element-2e7ce0dc elementor-widget elementor-widget-image\" data-id=\"2e7ce0dc\" data-element_type=\"widget\" data-widget_type=\"image.default\">\n\t\t\t\t<div class=\"elementor-widget-container\">\n\t\t\t\t\t<div class=\"elementor-image\">\n\t\t\t\t\t\t\t\t\t\t<img loading=\"lazy\" width=\"1024\" height=\"1024\" src=\"https:\/\/casadasletrasalentejo.pt\/wp-content\/uploads\/2020\/07\/body-stretching-yoga-beauty-1024x1024.jpg\" class=\"attachment-large size-large\" alt=\"\" decoding=\"async\" srcset=\"https:\/\/casadasletrasalentejo.pt\/wp-content\/uploads\/2020\/07\/body-stretching-yoga-beauty-1024x1024.jpg 1024w, https:\/\/casadasletrasalentejo.pt\/wp-content\/uploads\/2020\/07\/body-stretching-yoga-beauty-300x300.jpg 300w, https:\/\/casadasletrasalentejo.pt\/wp-content\/uploads\/2020\/07\/body-stretching-yoga-beauty-150x150.jpg 150w, https:\/\/casadasletrasalentejo.pt\/wp-content\/uploads\/2020\/07\/body-stretching-yoga-beauty-1536x1536.jpg 1536w, https:\/\/casadasletrasalentejo.pt\/wp-content\/uploads\/2020\/07\/body-stretching-yoga-beauty.jpg 1726w\" sizes=\"(max-width: 1024px) 100vw, 1024px\" \/>\t\t\t\t\t\t\t\t\t\t\t<\/div>\n\t\t\t\t<\/div>\n\t\t\t\t<\/div>\n\t\t\t\t\t\t<\/div>\n\t\t\t\t\t<\/div>\n\t\t<\/div>\n\t\t\t\t<div class=\"elementor-column elementor-col-33 elementor-top-column elementor-element elementor-element-627b3f54\" data-id=\"627b3f54\" data-element_type=\"column\">\n\t\t\t<div class=\"elementor-column-wrap elementor-element-populated\">\n\t\t\t\t\t\t\t<div class=\"elementor-widget-wrap\">\n\t\t\t\t\t\t<div class=\"elementor-element elementor-element-3326c7a9 elementor-widget elementor-widget-image\" data-id=\"3326c7a9\" data-element_type=\"widget\" data-widget_type=\"image.default\">\n\t\t\t\t<div class=\"elementor-widget-container\">\n\t\t\t\t\t<div class=\"elementor-image\">\n\t\t\t\t\t\t\t\t\t\t<img loading=\"lazy\" width=\"683\" height=\"1024\" src=\"https:\/\/casadasletrasalentejo.pt\/wp-content\/uploads\/2020\/07\/person-holding-feet-with-pink-nail-polish-4325476-683x1024.jpg\" class=\"attachment-large size-large\" alt=\"\" decoding=\"async\" srcset=\"https:\/\/casadasletrasalentejo.pt\/wp-content\/uploads\/2020\/07\/person-holding-feet-with-pink-nail-polish-4325476-683x1024.jpg 683w, https:\/\/casadasletrasalentejo.pt\/wp-content\/uploads\/2020\/07\/person-holding-feet-with-pink-nail-polish-4325476-200x300.jpg 200w, https:\/\/casadasletrasalentejo.pt\/wp-content\/uploads\/2020\/07\/person-holding-feet-with-pink-nail-polish-4325476-1024x1536.jpg 1024w, https:\/\/casadasletrasalentejo.pt\/wp-content\/uploads\/2020\/07\/person-holding-feet-with-pink-nail-polish-4325476.jpg 1151w\" sizes=\"(max-width: 683px) 100vw, 683px\" \/>\t\t\t\t\t\t\t\t\t\t\t<\/div>\n\t\t\t\t<\/div>\n\t\t\t\t<\/div>\n\t\t\t\t\t\t<\/div>\n\t\t\t\t\t<\/div>\n\t\t<\/div>\n\t\t\t\t\t\t\t\t<\/div>\n\t\t\t\t\t<\/div>\n\t\t<\/section>\n\t\t\t\t<section class=\"elementor-section elementor-top-section elementor-element elementor-element-3d738bb3 elementor-section-boxed elementor-section-height-default elementor-section-height-default\" data-id=\"3d738bb3\" data-element_type=\"section\">\n\t\t\t\t\t\t<div class=\"elementor-container elementor-column-gap-default\">\n\t\t\t\t\t\t\t<div class=\"elementor-row\">\n\t\t\t\t\t<div class=\"elementor-column elementor-col-66 elementor-top-column elementor-element elementor-element-586dc6d6\" data-id=\"586dc6d6\" data-element_type=\"column\">\n\t\t\t<div class=\"elementor-column-wrap elementor-element-populated\">\n\t\t\t\t\t\t\t<div class=\"elementor-widget-wrap\">\n\t\t\t\t\t\t<div class=\"elementor-element elementor-element-ae7f225 elementor-widget elementor-widget-spacer\" data-id=\"ae7f225\" data-element_type=\"widget\" data-widget_type=\"spacer.default\">\n\t\t\t\t<div class=\"elementor-widget-container\">\n\t\t\t\t\t<div class=\"elementor-spacer\">\n\t\t\t<div class=\"elementor-spacer-inner\"><\/div>\n\t\t<\/div>\n\t\t\t\t<\/div>\n\t\t\t\t<\/div>\n\t\t\t\t<div class=\"elementor-element elementor-element-1a9c4cbf elementor-widget elementor-widget-text-editor\" data-id=\"1a9c4cbf\" data-element_type=\"widget\" data-widget_type=\"text-editor.default\">\n\t\t\t\t<div class=\"elementor-widget-container\">\n\t\t\t\t\t<div class=\"elementor-text-editor elementor-clearfix\"><p>Casa das Letras est la premi\u00e8re maison offrant une chambre totalement vide, laiss\u00e9e \u00e0 l\u2019imagination de chacun. Nous passons nos vies entour\u00e9s de plein de choses, d\u2019objets, de signaux, de couleurs, etc. Dans cette chambre vous pourrez vous r\u00e9fugier pour m\u00e9diter, lire, dormir, faire du yoga ou de la gymnastique, ou s\u2019adosser au mur et penser\u2026 une chambre de rien, dont nous manquons tellement. La chambre du rien est pleine de possibilit\u00e9s.<\/p><\/div>\n\t\t\t\t<\/div>\n\t\t\t\t<\/div>\n\t\t\t\t\t\t<\/div>\n\t\t\t\t\t<\/div>\n\t\t<\/div>\n\t\t\t\t<div class=\"elementor-column elementor-col-33 elementor-top-column elementor-element elementor-element-1dd2fd36\" data-id=\"1dd2fd36\" data-element_type=\"column\">\n\t\t\t<div class=\"elementor-column-wrap elementor-element-populated\">\n\t\t\t\t\t\t\t<div class=\"elementor-widget-wrap\">\n\t\t\t\t\t\t<div class=\"elementor-element elementor-element-5c297279 elementor-widget elementor-widget-image\" data-id=\"5c297279\" data-element_type=\"widget\" data-widget_type=\"image.default\">\n\t\t\t\t<div class=\"elementor-widget-container\">\n\t\t\t\t\t<div class=\"elementor-image\">\n\t\t\t\t\t\t\t\t\t\t<img loading=\"lazy\" width=\"1024\" height=\"788\" src=\"https:\/\/casadasletrasalentejo.pt\/wp-content\/uploads\/2020\/07\/nada-1024x788.jpg\" class=\"attachment-large size-large\" alt=\"\" decoding=\"async\" srcset=\"https:\/\/casadasletrasalentejo.pt\/wp-content\/uploads\/2020\/07\/nada-1024x788.jpg 1024w, https:\/\/casadasletrasalentejo.pt\/wp-content\/uploads\/2020\/07\/nada-300x231.jpg 300w, https:\/\/casadasletrasalentejo.pt\/wp-content\/uploads\/2020\/07\/nada.jpg 1038w\" sizes=\"(max-width: 1024px) 100vw, 1024px\" \/>\t\t\t\t\t\t\t\t\t\t\t<\/div>\n\t\t\t\t<\/div>\n\t\t\t\t<\/div>\n\t\t\t\t<div class=\"elementor-element elementor-element-349a256a elementor-widget elementor-widget-spacer\" data-id=\"349a256a\" data-element_type=\"widget\" data-widget_type=\"spacer.default\">\n\t\t\t\t<div class=\"elementor-widget-container\">\n\t\t\t\t\t<div class=\"elementor-spacer\">\n\t\t\t<div class=\"elementor-spacer-inner\"><\/div>\n\t\t<\/div>\n\t\t\t\t<\/div>\n\t\t\t\t<\/div>\n\t\t\t\t<div class=\"elementor-element elementor-element-56079044 elementor-widget elementor-widget-image\" data-id=\"56079044\" data-element_type=\"widget\" data-widget_type=\"image.default\">\n\t\t\t\t<div class=\"elementor-widget-container\">\n\t\t\t\t\t<div class=\"elementor-image\">\n\t\t\t\t\t\t\t\t\t\t<img loading=\"lazy\" width=\"1024\" height=\"788\" src=\"https:\/\/casadasletrasalentejo.pt\/wp-content\/uploads\/2020\/07\/man-s-hand-on-a-woman-s-leg-4100803-1024x788.jpg\" class=\"attachment-large size-large\" alt=\"\" decoding=\"async\" srcset=\"https:\/\/casadasletrasalentejo.pt\/wp-content\/uploads\/2020\/07\/man-s-hand-on-a-woman-s-leg-4100803-1024x788.jpg 1024w, https:\/\/casadasletrasalentejo.pt\/wp-content\/uploads\/2020\/07\/man-s-hand-on-a-woman-s-leg-4100803-300x231.jpg 300w, https:\/\/casadasletrasalentejo.pt\/wp-content\/uploads\/2020\/07\/man-s-hand-on-a-woman-s-leg-4100803.jpg 1038w\" sizes=\"(max-width: 1024px) 100vw, 1024px\" \/>\t\t\t\t\t\t\t\t\t\t\t<\/div>\n\t\t\t\t<\/div>\n\t\t\t\t<\/div>\n\t\t\t\t\t\t<\/div>\n\t\t\t\t\t<\/div>\n\t\t<\/div>\n\t\t\t\t\t\t\t\t<\/div>\n\t\t\t\t\t<\/div>\n\t\t<\/section>\n\t\t\t\t<section class=\"elementor-section elementor-top-section elementor-element elementor-element-58d0aa3f elementor-section-boxed elementor-section-height-default elementor-section-height-default\" data-id=\"58d0aa3f\" data-element_type=\"section\">\n\t\t\t\t\t\t<div class=\"elementor-container elementor-column-gap-default\">\n\t\t\t\t\t\t\t<div class=\"elementor-row\">\n\t\t\t\t\t<div class=\"elementor-column elementor-col-100 elementor-top-column elementor-element elementor-element-54bbf369\" data-id=\"54bbf369\" data-element_type=\"column\">\n\t\t\t<div class=\"elementor-column-wrap elementor-element-populated\">\n\t\t\t\t\t\t\t<div class=\"elementor-widget-wrap\">\n\t\t\t\t\t\t<div class=\"elementor-element elementor-element-504bc1e1 elementor-widget elementor-widget-spacer\" data-id=\"504bc1e1\" data-element_type=\"widget\" data-widget_type=\"spacer.default\">\n\t\t\t\t<div class=\"elementor-widget-container\">\n\t\t\t\t\t<div class=\"elementor-spacer\">\n\t\t\t<div class=\"elementor-spacer-inner\"><\/div>\n\t\t<\/div>\n\t\t\t\t<\/div>\n\t\t\t\t<\/div>\n\t\t\t\t\t\t<\/div>\n\t\t\t\t\t<\/div>\n\t\t<\/div>\n\t\t\t\t\t\t\t\t<\/div>\n\t\t\t\t\t<\/div>\n\t\t<\/section>\n\t\t\t\t<section class=\"elementor-section elementor-top-section elementor-element elementor-element-5e63ba9 elementor-section-boxed elementor-section-height-default elementor-section-height-default\" data-id=\"5e63ba9\" data-element_type=\"section\">\n\t\t\t\t\t\t<div class=\"elementor-container elementor-column-gap-default\">\n\t\t\t\t\t\t\t<div class=\"elementor-row\">\n\t\t\t\t\t<div class=\"elementor-column elementor-col-33 elementor-top-column elementor-element elementor-element-1f243b98\" data-id=\"1f243b98\" data-element_type=\"column\">\n\t\t\t<div class=\"elementor-column-wrap\">\n\t\t\t\t\t\t\t<div class=\"elementor-widget-wrap\">\n\t\t\t\t\t\t\t\t<\/div>\n\t\t\t\t\t<\/div>\n\t\t<\/div>\n\t\t\t\t<div class=\"elementor-column elementor-col-33 elementor-top-column elementor-element elementor-element-6441c51c\" data-id=\"6441c51c\" data-element_type=\"column\">\n\t\t\t<div class=\"elementor-column-wrap elementor-element-populated\">\n\t\t\t\t\t\t\t<div class=\"elementor-widget-wrap\">\n\t\t\t\t\t\t<div class=\"elementor-element elementor-element-64c2daf0 elementor-align-center elementor-widget elementor-widget-button\" data-id=\"64c2daf0\" data-element_type=\"widget\" data-widget_type=\"button.default\">\n\t\t\t\t<div class=\"elementor-widget-container\">\n\t\t\t\t\t<div class=\"elementor-button-wrapper\">\n\t\t\t<a href=\"\/fr\/book-here\/\" class=\"elementor-button-link elementor-button elementor-size-sm\" role=\"button\">\n\t\t\t\t\t\t<span class=\"elementor-button-content-wrapper\">\n\t\t\t\t\t\t<span class=\"elementor-button-text\">book here<\/span>\n\t\t<\/span>\n\t\t\t\t\t<\/a>\n\t\t<\/div>\n\t\t\t\t<\/div>\n\t\t\t\t<\/div>\n\t\t\t\t\t\t<\/div>\n\t\t\t\t\t<\/div>\n\t\t<\/div>\n\t\t\t\t<div class=\"elementor-column elementor-col-33 elementor-top-column elementor-element elementor-element-4a67e35\" data-id=\"4a67e35\" data-element_type=\"column\">\n\t\t\t<div class=\"elementor-column-wrap\">\n\t\t\t\t\t\t\t<div class=\"elementor-widget-wrap\">\n\t\t\t\t\t\t\t\t<\/div>\n\t\t\t\t\t<\/div>\n\t\t<\/div>\n\t\t\t\t\t\t\t\t<\/div>\n\t\t\t\t\t<\/div>\n\t\t<\/section>\n\t\t\t\t\t\t<\/div>\n\t\t\t\t\t\t<\/div>\n\t\t\t\t\t<\/div>\n\t\t","protected":false},"excerpt":{"rendered":"<p>Casa das Letras est la premi\u00e8re maison offrant une chambre totalement vide, laiss\u00e9e \u00e0 l\u2019imagination de chacun. Nous passons nos vies entour\u00e9s de plein de choses, d\u2019objets, de signaux, de couleurs, etc. Dans cette chambre vous pourrez vous r\u00e9fugier pour m\u00e9diter, lire, dormir, faire du yoga ou de la gymnastique, ou s\u2019adosser au mur et [&hellip;]<\/p>\n","protected":false},"author":1,"featured_media":0,"parent":3242,"menu_order":0,"comment_status":"closed","ping_status":"closed","template":"","meta":{"footnotes":""},"yoast_head":"<!-- This site is optimized with the Yoast SEO plugin v21.2 - https:\/\/yoast.com\/wordpress\/plugins\/seo\/ -->\n<title>Quarto do Nada - Casa das Letras<\/title>\n<meta name=\"robots\" content=\"index, follow, max-snippet:-1, max-image-preview:large, max-video-preview:-1\" \/>\n<link rel=\"canonical\" href=\"https:\/\/casadasletrasalentejo.pt\/quartos-literarios\/quarto-do-nada\/\" \/>\n<meta property=\"og:locale\" content=\"fr_FR\" \/>\n<meta property=\"og:type\" content=\"article\" \/>\n<meta property=\"og:title\" content=\"Quarto do Nada - Casa das Letras\" \/>\n<meta property=\"og:description\" content=\"Casa das Letras est la premi\u00e8re maison offrant une chambre totalement vide, laiss\u00e9e \u00e0 l\u2019imagination de chacun. Nous passons nos vies entour\u00e9s de plein de choses, d\u2019objets, de signaux, de couleurs, etc. Dans cette chambre vous pourrez vous r\u00e9fugier pour m\u00e9diter, lire, dormir, faire du yoga ou de la gymnastique, ou s\u2019adosser au mur et [&hellip;]\" \/>\n<meta property=\"og:url\" content=\"https:\/\/casadasletrasalentejo.pt\/quartos-literarios\/quarto-do-nada\/\" \/>\n<meta property=\"og:site_name\" content=\"Casa das Letras\" \/>\n<meta property=\"article:publisher\" content=\"https:\/\/www.facebook.com\/Casa-das-Letras-BedBooks-102804284678280\" \/>\n<meta property=\"article:modified_time\" content=\"2020-07-05T13:13:28+00:00\" \/>\n<meta property=\"og:image\" content=\"https:\/\/casadasletrasalentejo.pt\/wp-content\/uploads\/2020\/07\/body-stretching-yoga-beauty-1024x1024.jpg\" \/>\n<meta name=\"twitter:card\" content=\"summary_large_image\" \/>\n<script type=\"application\/ld+json\" class=\"yoast-schema-graph\">{\"@context\":\"https:\/\/schema.org\",\"@graph\":[{\"@type\":\"WebPage\",\"@id\":\"https:\/\/casadasletrasalentejo.pt\/quartos-literarios\/quarto-do-nada\/\",\"url\":\"https:\/\/casadasletrasalentejo.pt\/quartos-literarios\/quarto-do-nada\/\",\"name\":\"Quarto do Nada - Casa das Letras\",\"isPartOf\":{\"@id\":\"https:\/\/casadasletrasalentejo.pt\/#website\"},\"datePublished\":\"2020-05-21T07:18:13+00:00\",\"dateModified\":\"2020-07-05T13:13:28+00:00\",\"breadcrumb\":{\"@id\":\"https:\/\/casadasletrasalentejo.pt\/quartos-literarios\/quarto-do-nada\/#breadcrumb\"},\"inLanguage\":\"fr-FR\",\"potentialAction\":[{\"@type\":\"ReadAction\",\"target\":[\"https:\/\/casadasletrasalentejo.pt\/quartos-literarios\/quarto-do-nada\/\"]}]},{\"@type\":\"BreadcrumbList\",\"@id\":\"https:\/\/casadasletrasalentejo.pt\/quartos-literarios\/quarto-do-nada\/#breadcrumb\",\"itemListElement\":[{\"@type\":\"ListItem\",\"position\":1,\"name\":\"In\u00edcio\",\"item\":\"https:\/\/casadasletrasalentejo.pt\/fr\/\"},{\"@type\":\"ListItem\",\"position\":2,\"name\":\"Chambres Litt\u00e9raires\",\"item\":\"https:\/\/casadasletrasalentejo.pt\/quartos-literarios\/\"},{\"@type\":\"ListItem\",\"position\":3,\"name\":\"Quarto do Nada\"}]},{\"@type\":\"WebSite\",\"@id\":\"https:\/\/casadasletrasalentejo.pt\/#website\",\"url\":\"https:\/\/casadasletrasalentejo.pt\/\",\"name\":\"Casa das Letras, Bed & Books\",\"description\":\"bed &amp; books\",\"publisher\":{\"@id\":\"https:\/\/casadasletrasalentejo.pt\/#organization\"},\"potentialAction\":[{\"@type\":\"SearchAction\",\"target\":{\"@type\":\"EntryPoint\",\"urlTemplate\":\"https:\/\/casadasletrasalentejo.pt\/?s={search_term_string}\"},\"query-input\":\"required name=search_term_string\"}],\"inLanguage\":\"fr-FR\"},{\"@type\":\"Organization\",\"@id\":\"https:\/\/casadasletrasalentejo.pt\/#organization\",\"name\":\"Casa das Letras - Bed & Books\",\"url\":\"https:\/\/casadasletrasalentejo.pt\/\",\"logo\":{\"@type\":\"ImageObject\",\"inLanguage\":\"fr-FR\",\"@id\":\"https:\/\/casadasletrasalentejo.pt\/#\/schema\/logo\/image\/\",\"url\":\"https:\/\/casadasletrasalentejo.pt\/wp-content\/uploads\/2020\/06\/slide1.jpg\",\"contentUrl\":\"https:\/\/casadasletrasalentejo.pt\/wp-content\/uploads\/2020\/06\/slide1.jpg\",\"width\":1479,\"height\":980,\"caption\":\"Casa das Letras - Bed & Books\"},\"image\":{\"@id\":\"https:\/\/casadasletrasalentejo.pt\/#\/schema\/logo\/image\/\"},\"sameAs\":[\"https:\/\/www.facebook.com\/Casa-das-Letras-BedBooks-102804284678280\",\"http:\/\/instagram.com\/casa_das_letras_bed_and_books\"]}]}<\/script>\n<!-- \/ Yoast SEO plugin. -->","yoast_head_json":{"title":"Quarto do Nada - Casa das Letras","robots":{"index":"index","follow":"follow","max-snippet":"max-snippet:-1","max-image-preview":"max-image-preview:large","max-video-preview":"max-video-preview:-1"},"canonical":"https:\/\/casadasletrasalentejo.pt\/quartos-literarios\/quarto-do-nada\/","og_locale":"fr_FR","og_type":"article","og_title":"Quarto do Nada - Casa das Letras","og_description":"Casa das Letras est la premi\u00e8re maison offrant une chambre totalement vide, laiss\u00e9e \u00e0 l\u2019imagination de chacun. Nous passons nos vies entour\u00e9s de plein de choses, d\u2019objets, de signaux, de couleurs, etc. Dans cette chambre vous pourrez vous r\u00e9fugier pour m\u00e9diter, lire, dormir, faire du yoga ou de la gymnastique, ou s\u2019adosser au mur et [&hellip;]","og_url":"https:\/\/casadasletrasalentejo.pt\/quartos-literarios\/quarto-do-nada\/","og_site_name":"Casa das Letras","article_publisher":"https:\/\/www.facebook.com\/Casa-das-Letras-BedBooks-102804284678280","article_modified_time":"2020-07-05T13:13:28+00:00","og_image":[{"url":"https:\/\/casadasletrasalentejo.pt\/wp-content\/uploads\/2020\/07\/body-stretching-yoga-beauty-1024x1024.jpg"}],"twitter_card":"summary_large_image","schema":{"@context":"https:\/\/schema.org","@graph":[{"@type":"WebPage","@id":"https:\/\/casadasletrasalentejo.pt\/quartos-literarios\/quarto-do-nada\/","url":"https:\/\/casadasletrasalentejo.pt\/quartos-literarios\/quarto-do-nada\/","name":"Quarto do Nada - Casa das Letras","isPartOf":{"@id":"https:\/\/casadasletrasalentejo.pt\/#website"},"datePublished":"2020-05-21T07:18:13+00:00","dateModified":"2020-07-05T13:13:28+00:00","breadcrumb":{"@id":"https:\/\/casadasletrasalentejo.pt\/quartos-literarios\/quarto-do-nada\/#breadcrumb"},"inLanguage":"fr-FR","potentialAction":[{"@type":"ReadAction","target":["https:\/\/casadasletrasalentejo.pt\/quartos-literarios\/quarto-do-nada\/"]}]},{"@type":"BreadcrumbList","@id":"https:\/\/casadasletrasalentejo.pt\/quartos-literarios\/quarto-do-nada\/#breadcrumb","itemListElement":[{"@type":"ListItem","position":1,"name":"In\u00edcio","item":"https:\/\/casadasletrasalentejo.pt\/fr\/"},{"@type":"ListItem","position":2,"name":"Chambres Litt\u00e9raires","item":"https:\/\/casadasletrasalentejo.pt\/quartos-literarios\/"},{"@type":"ListItem","position":3,"name":"Quarto do Nada"}]},{"@type":"WebSite","@id":"https:\/\/casadasletrasalentejo.pt\/#website","url":"https:\/\/casadasletrasalentejo.pt\/","name":"Casa das Letras, Bed & Books","description":"bed &amp; books","publisher":{"@id":"https:\/\/casadasletrasalentejo.pt\/#organization"},"potentialAction":[{"@type":"SearchAction","target":{"@type":"EntryPoint","urlTemplate":"https:\/\/casadasletrasalentejo.pt\/?s={search_term_string}"},"query-input":"required name=search_term_string"}],"inLanguage":"fr-FR"},{"@type":"Organization","@id":"https:\/\/casadasletrasalentejo.pt\/#organization","name":"Casa das Letras - Bed & Books","url":"https:\/\/casadasletrasalentejo.pt\/","logo":{"@type":"ImageObject","inLanguage":"fr-FR","@id":"https:\/\/casadasletrasalentejo.pt\/#\/schema\/logo\/image\/","url":"https:\/\/casadasletrasalentejo.pt\/wp-content\/uploads\/2020\/06\/slide1.jpg","contentUrl":"https:\/\/casadasletrasalentejo.pt\/wp-content\/uploads\/2020\/06\/slide1.jpg","width":1479,"height":980,"caption":"Casa das Letras - Bed & Books"},"image":{"@id":"https:\/\/casadasletrasalentejo.pt\/#\/schema\/logo\/image\/"},"sameAs":["https:\/\/www.facebook.com\/Casa-das-Letras-BedBooks-102804284678280","http:\/\/instagram.com\/casa_das_letras_bed_and_books"]}]}},"_links":{"self":[{"href":"https:\/\/casadasletrasalentejo.pt\/fr\/wp-json\/wp\/v2\/pages\/3239"}],"collection":[{"href":"https:\/\/casadasletrasalentejo.pt\/fr\/wp-json\/wp\/v2\/pages"}],"about":[{"href":"https:\/\/casadasletrasalentejo.pt\/fr\/wp-json\/wp\/v2\/types\/page"}],"author":[{"embeddable":true,"href":"https:\/\/casadasletrasalentejo.pt\/fr\/wp-json\/wp\/v2\/users\/1"}],"replies":[{"embeddable":true,"href":"https:\/\/casadasletrasalentejo.pt\/fr\/wp-json\/wp\/v2\/comments?post=3239"}],"version-history":[{"count":7,"href":"https:\/\/casadasletrasalentejo.pt\/fr\/wp-json\/wp\/v2\/pages\/3239\/revisions"}],"predecessor-version":[{"id":4124,"href":"https:\/\/casadasletrasalentejo.pt\/fr\/wp-json\/wp\/v2\/pages\/3239\/revisions\/4124"}],"up":[{"embeddable":true,"href":"https:\/\/casadasletrasalentejo.pt\/fr\/wp-json\/wp\/v2\/pages\/3242"}],"wp:attachment":[{"href":"https:\/\/casadasletrasalentejo.pt\/fr\/wp-json\/wp\/v2\/media?parent=3239"}],"curies":[{"name":"wp","href":"https:\/\/api.w.org\/{rel}","templated":true}]}}