{"id":3247,"date":"2020-05-21T07:25:05","date_gmt":"2020-05-21T07:25:05","guid":{"rendered":"http:\/\/casadasletrasalentejo.pt\/?page_id=3247"},"modified":"2020-07-05T09:37:24","modified_gmt":"2020-07-05T09:37:24","slug":"book-here","status":"publish","type":"page","link":"https:\/\/casadasletrasalentejo.pt\/fr\/book-here\/","title":{"rendered":"Book Here"},"content":{"rendered":"\t\t<div data-elementor-type=\"wp-page\" data-elementor-id=\"3247\" class=\"elementor elementor-3247\" data-elementor-settings=\"[]\">\n\t\t\t\t\t\t<div class=\"elementor-inner\">\n\t\t\t\t\t\t\t<div class=\"elementor-section-wrap\">\n\t\t\t\t\t\t\t<section class=\"elementor-section elementor-top-section elementor-element elementor-element-47e7c08 elementor-section-boxed elementor-section-height-default elementor-section-height-default\" data-id=\"47e7c08\" data-element_type=\"section\">\n\t\t\t\t\t\t<div class=\"elementor-container elementor-column-gap-default\">\n\t\t\t\t\t\t\t<div class=\"elementor-row\">\n\t\t\t\t\t<div class=\"elementor-column elementor-col-100 elementor-top-column elementor-element elementor-element-b075ac2\" data-id=\"b075ac2\" data-element_type=\"column\">\n\t\t\t<div class=\"elementor-column-wrap elementor-element-populated\">\n\t\t\t\t\t\t\t<div class=\"elementor-widget-wrap\">\n\t\t\t\t\t\t<div class=\"elementor-element elementor-element-e9b1b83 elementor-widget elementor-widget-text-editor\" data-id=\"e9b1b83\" data-element_type=\"widget\" data-widget_type=\"text-editor.default\">\n\t\t\t\t<div class=\"elementor-widget-container\">\n\t\t\t\t\t<div class=\"elementor-text-editor elementor-clearfix\"><div class=\"wpb_text_column wpb_content_element \"><div class=\"wpb_wrapper\"><p>Utilisez ce formulaire\u00a0de\u00a0contact\u00a0pour nous demander des informations ou pour faire votre r\u00e9servation.<\/p><p>Les donn\u00e9es que nous allons vous demander seront utilis\u00e9es uniquement pour vous garantir que vous trouverez ce que vous cherchez \u00e0 Casa das Letras.<\/p><p>Nous ne les partagerons avec personne et nous les utiliserons uniquement pour vous contacter.<\/p><\/div><\/div><\/div>\n\t\t\t\t<\/div>\n\t\t\t\t<\/div>\n\t\t\t\t<div class=\"elementor-element elementor-element-0a9dd8a elementor-widget elementor-widget-spacer\" data-id=\"0a9dd8a\" data-element_type=\"widget\" data-widget_type=\"spacer.default\">\n\t\t\t\t<div class=\"elementor-widget-container\">\n\t\t\t\t\t<div class=\"elementor-spacer\">\n\t\t\t<div class=\"elementor-spacer-inner\"><\/div>\n\t\t<\/div>\n\t\t\t\t<\/div>\n\t\t\t\t<\/div>\n\t\t\t\t<div class=\"elementor-element elementor-element-ac78a69 elementor-widget elementor-widget-contact-form-7\" data-id=\"ac78a69\" data-element_type=\"widget\" data-widget_type=\"contact-form-7.default\">\n\t\t\t\t<div class=\"elementor-widget-container\">\n\t\t\t<div class=\"elementor-contact-form-7 lastudio-elements\">\n<div class=\"wpcf7 no-js\" id=\"wpcf7-f3245-o1\" lang=\"pt-PT\" dir=\"ltr\">\n<div class=\"screen-reader-response\"><p role=\"status\" aria-live=\"polite\" aria-atomic=\"true\"><\/p> <ul><\/ul><\/div>\n<form action=\"\/fr\/wp-json\/wp\/v2\/pages\/3247#wpcf7-f3245-o1\" method=\"post\" class=\"wpcf7-form init\" aria-label=\"Formul\u00e1rio de contacto\" novalidate=\"novalidate\" data-status=\"init\">\n<div style=\"display: none;\">\n<input type=\"hidden\" name=\"_wpcf7\" value=\"3245\" \/>\n<input type=\"hidden\" name=\"_wpcf7_version\" value=\"5.8\" \/>\n<input type=\"hidden\" name=\"_wpcf7_locale\" value=\"pt_PT\" \/>\n<input type=\"hidden\" name=\"_wpcf7_unit_tag\" value=\"wpcf7-f3245-o1\" \/>\n<input type=\"hidden\" name=\"_wpcf7_container_post\" value=\"0\" \/>\n<input type=\"hidden\" name=\"_wpcf7_posted_data_hash\" value=\"\" \/>\n<input type=\"hidden\" name=\"_wpcf7_recaptcha_response\" value=\"\" \/>\n<\/div>\n<p><label> Introduisez ici votre nom (obligatoire)<br \/>\n<span class=\"wpcf7-form-control-wrap\" data-name=\"your-name\"><input size=\"40\" class=\"wpcf7-form-control wpcf7-text wpcf7-validates-as-required\" aria-required=\"true\" aria-invalid=\"false\" value=\"\" type=\"text\" name=\"your-name\" \/><\/span> <\/label>\n<\/p>\n<p><label> Introduisez ici votre adresse email (obligatoire)<br \/>\n<span class=\"wpcf7-form-control-wrap\" data-name=\"your-email\"><input size=\"40\" class=\"wpcf7-form-control wpcf7-email wpcf7-validates-as-required wpcf7-text wpcf7-validates-as-email\" aria-required=\"true\" aria-invalid=\"false\" value=\"\" type=\"email\" name=\"your-email\" \/><\/span> <\/label>\n<\/p>\n<p><label> De combien de chambres avez-vous besoin ? Pour combien de personnes ? Pour quelles dates ?<br \/>\n<span class=\"wpcf7-form-control-wrap\" data-name=\"questao-1\"><input size=\"40\" class=\"wpcf7-form-control wpcf7-text\" aria-invalid=\"false\" value=\"\" type=\"text\" name=\"questao-1\" \/><\/span> <\/label>\n<\/p>\n<p><label>Pr\u00e9tendez-vous utiliser la cuisine pour pr\u00e9parer des repas \u00e0 la maison ? Voulez-vous qu\u2019on vous pr\u00e9pare le petit-d\u00e9jeuner ou des repas pour vous et votre groupe ?<br \/>\n<span class=\"wpcf7-form-control-wrap\" data-name=\"questao-2\"><input size=\"40\" class=\"wpcf7-form-control wpcf7-text\" aria-invalid=\"false\" value=\"\" type=\"text\" name=\"questao-2\" \/><\/span> <\/label>\n<\/p>\n<p><label>Voulez-vous qu\u2019on cherche un livre que vous aimeriez lire, ou avez-vous un sujet ou genre litt\u00e9raire pr\u00e9f\u00e9r\u00e9 ?<br \/>\n<span class=\"wpcf7-form-control-wrap\" data-name=\"questao-3\"><input size=\"40\" class=\"wpcf7-form-control wpcf7-text\" aria-invalid=\"false\" value=\"\" type=\"text\" name=\"questao-3\" \/><\/span> <\/label>\n<\/p>\n<p><label>Cherchez-vous dans la r\u00e9gion des activit\u00e9s ou promenades justifiant notre recommandation ?<br \/>\n<span class=\"wpcf7-form-control-wrap\" data-name=\"questao-4\"><input size=\"40\" class=\"wpcf7-form-control wpcf7-text\" aria-invalid=\"false\" value=\"\" type=\"text\" name=\"questao-4\" \/><\/span> <\/label>\n<\/p>\n<p><label>Laissez-nous votre adresse email et votre num\u00e9ro de t\u00e9l\u00e9phone.<br \/>\n<span class=\"wpcf7-form-control-wrap\" data-name=\"questao-5\"><input size=\"40\" class=\"wpcf7-form-control wpcf7-text\" aria-invalid=\"false\" value=\"\" type=\"text\" name=\"questao-5\" \/><\/span> <\/label>\n<\/p>\n<p><input class=\"wpcf7-form-control wpcf7-submit has-spinner\" type=\"submit\" value=\"ENVOYEZ\" \/>\n<\/p><div class=\"wpcf7-response-output\" aria-hidden=\"true\"><\/div>\n<\/form>\n<\/div>\n<\/div>\t\t<\/div>\n\t\t\t\t<\/div>\n\t\t\t\t<div class=\"elementor-element elementor-element-16e59c1 elementor-widget elementor-widget-spacer\" data-id=\"16e59c1\" data-element_type=\"widget\" data-widget_type=\"spacer.default\">\n\t\t\t\t<div class=\"elementor-widget-container\">\n\t\t\t\t\t<div class=\"elementor-spacer\">\n\t\t\t<div class=\"elementor-spacer-inner\"><\/div>\n\t\t<\/div>\n\t\t\t\t<\/div>\n\t\t\t\t<\/div>\n\t\t\t\t<div class=\"elementor-element elementor-element-e70b9bd elementor-widget elementor-widget-text-editor\" data-id=\"e70b9bd\" data-element_type=\"widget\" data-widget_type=\"text-editor.default\">\n\t\t\t\t<div class=\"elementor-widget-container\">\n\t\t\t\t\t<div class=\"elementor-text-editor elementor-clearfix\"><div class=\"wpb_text_column wpb_content_element \"><div class=\"wpb_wrapper\"><p>Si vous d\u00e9sirez suivre les activit\u00e9s et programmation de Casa das Letras, vous pouvez nous suivre sur <a href=\"https:\/\/www.facebook.com\/Casa-das-Letras-BedBooks-102804284678280\">Facebook<\/a> et\/ou <a href=\"http:\/\/instagram.com\/casa_das_letras_bed_and_books\">Instagram<\/a>.<\/p><\/div><\/div><\/div>\n\t\t\t\t<\/div>\n\t\t\t\t<\/div>\n\t\t\t\t\t\t<\/div>\n\t\t\t\t\t<\/div>\n\t\t<\/div>\n\t\t\t\t\t\t\t\t<\/div>\n\t\t\t\t\t<\/div>\n\t\t<\/section>\n\t\t\t\t<section class=\"elementor-section elementor-top-section elementor-element elementor-element-ecb4982 elementor-section-boxed elementor-section-height-default elementor-section-height-default\" data-id=\"ecb4982\" data-element_type=\"section\">\n\t\t\t\t\t\t<div class=\"elementor-container elementor-column-gap-default\">\n\t\t\t\t\t\t\t<div class=\"elementor-row\">\n\t\t\t\t\t<div class=\"elementor-column elementor-col-100 elementor-top-column elementor-element elementor-element-b4a0d65\" data-id=\"b4a0d65\" data-element_type=\"column\">\n\t\t\t<div class=\"elementor-column-wrap elementor-element-populated\">\n\t\t\t\t\t\t\t<div class=\"elementor-widget-wrap\">\n\t\t\t\t\t\t<div class=\"elementor-element elementor-element-ddd8fa1 elementor-widget elementor-widget-text-editor\" data-id=\"ddd8fa1\" data-element_type=\"widget\" data-widget_type=\"text-editor.default\">\n\t\t\t\t<div class=\"elementor-widget-container\">\n\t\t\t\t\t<div class=\"elementor-text-editor elementor-clearfix\"><div class=\"wpb_text_column wpb_content_element \"><div class=\"wpb_wrapper\"><p>Afin de garantir la s\u00e9curit\u00e9 maximale et la tranquillit\u00e9 des h\u00f4tes de Casa das Letras sachez que :<\/p><ul><li>Casa das Letras n\u2019est lou\u00e9e qu\u2019\u00e0 un seul h\u00f4te\/famille \u00e0 la fois, m\u00eame si la r\u00e9servation est pour une seule chambre. Cette exclusivit\u00e9 garantit ainsi toute mesure de contention sociale.<\/li><li>Casa das Letras suit un plan d\u2019hygi\u00e9nisation\u00a0d\u00e9taill\u00e9 et certifi\u00e9 (<u><a href=\"\/plano-de-higienizacao\/\">voir ici<\/a><\/u>), utilisant les meilleurs bact\u00e9ricides, fongicides et virucides. La maison a en permanence des distributeurs de\u00a0gel\u00a0antibact\u00e9rien dans toutes les pi\u00e8ces de la maison et un n\u00e9buliseur \u00e0 froid moderne qui d\u00e9sinfecte l\u2019air et les surfaces en permanence.<\/li><li>La p\u00e9riode d\u00e9di\u00e9e au nettoyage, hygi\u00e9nisation et pr\u00e9paration de la maison entre la sortie d\u2019un h\u00f4te et l\u2019arriv\u00e9e d\u2019un autre est de trois jours au minimum. Pendant cette p\u00e9riode, les routines suivies sont celles d\u00e9crites <span style=\"text-decoration: underline;\"><a href=\"\/plano-de-higienizacao\/\">ici<\/a><\/span>.<\/li><\/ul><\/div><\/div><\/div>\n\t\t\t\t<\/div>\n\t\t\t\t<\/div>\n\t\t\t\t\t\t<\/div>\n\t\t\t\t\t<\/div>\n\t\t<\/div>\n\t\t\t\t\t\t\t\t<\/div>\n\t\t\t\t\t<\/div>\n\t\t<\/section>\n\t\t\t\t\t\t<\/div>\n\t\t\t\t\t\t<\/div>\n\t\t\t\t\t<\/div>\n\t\t","protected":false},"excerpt":{"rendered":"<p>Utilisez ce formulaire\u00a0de\u00a0contact\u00a0pour nous demander des informations ou pour faire votre r\u00e9servation. Les donn\u00e9es que nous allons vous demander seront utilis\u00e9es uniquement pour vous garantir que vous trouverez ce que vous cherchez \u00e0 Casa das Letras. Nous ne les partagerons avec personne et nous les utiliserons uniquement pour vous contacter. Introduisez ici votre nom (obligatoire) [&hellip;]<\/p>\n","protected":false},"author":1,"featured_media":0,"parent":0,"menu_order":0,"comment_status":"closed","ping_status":"closed","template":"","meta":{"footnotes":""},"yoast_head":"<!-- This site is optimized with the Yoast SEO plugin v21.2 - https:\/\/yoast.com\/wordpress\/plugins\/seo\/ -->\n<title>Book Here - Casa das Letras<\/title>\n<meta name=\"robots\" content=\"index, follow, max-snippet:-1, max-image-preview:large, max-video-preview:-1\" \/>\n<link rel=\"canonical\" href=\"https:\/\/casadasletrasalentejo.pt\/book-here\/\" \/>\n<meta property=\"og:locale\" content=\"fr_FR\" \/>\n<meta property=\"og:type\" content=\"article\" \/>\n<meta property=\"og:title\" content=\"Book Here - Casa das Letras\" \/>\n<meta property=\"og:description\" content=\"Utilisez ce formulaire\u00a0de\u00a0contact\u00a0pour nous demander des informations ou pour faire votre r\u00e9servation. Les donn\u00e9es que nous allons vous demander seront utilis\u00e9es uniquement pour vous garantir que vous trouverez ce que vous cherchez \u00e0 Casa das Letras. Nous ne les partagerons avec personne et nous les utiliserons uniquement pour vous contacter. Introduisez ici votre nom (obligatoire) [&hellip;]\" \/>\n<meta property=\"og:url\" content=\"https:\/\/casadasletrasalentejo.pt\/book-here\/\" \/>\n<meta property=\"og:site_name\" content=\"Casa das Letras\" \/>\n<meta property=\"article:publisher\" content=\"https:\/\/www.facebook.com\/Casa-das-Letras-BedBooks-102804284678280\" \/>\n<meta property=\"article:modified_time\" content=\"2020-07-05T09:37:24+00:00\" \/>\n<meta property=\"og:image\" content=\"https:\/\/casadasletrasalentejo.pt\/wp-content\/uploads\/2020\/06\/slide1.jpg\" \/>\n\t<meta property=\"og:image:width\" content=\"1479\" \/>\n\t<meta property=\"og:image:height\" content=\"980\" \/>\n\t<meta property=\"og:image:type\" content=\"image\/jpeg\" \/>\n<meta name=\"twitter:card\" content=\"summary_large_image\" \/>\n<meta name=\"twitter:label1\" content=\"Dur\u00e9e de lecture estim\u00e9e\" \/>\n\t<meta name=\"twitter:data1\" content=\"2 minutes\" \/>\n<script type=\"application\/ld+json\" class=\"yoast-schema-graph\">{\"@context\":\"https:\/\/schema.org\",\"@graph\":[{\"@type\":\"WebPage\",\"@id\":\"https:\/\/casadasletrasalentejo.pt\/book-here\/\",\"url\":\"https:\/\/casadasletrasalentejo.pt\/book-here\/\",\"name\":\"Book Here - Casa das Letras\",\"isPartOf\":{\"@id\":\"https:\/\/casadasletrasalentejo.pt\/#website\"},\"datePublished\":\"2020-05-21T07:25:05+00:00\",\"dateModified\":\"2020-07-05T09:37:24+00:00\",\"breadcrumb\":{\"@id\":\"https:\/\/casadasletrasalentejo.pt\/book-here\/#breadcrumb\"},\"inLanguage\":\"fr-FR\",\"potentialAction\":[{\"@type\":\"ReadAction\",\"target\":[\"https:\/\/casadasletrasalentejo.pt\/book-here\/\"]}]},{\"@type\":\"BreadcrumbList\",\"@id\":\"https:\/\/casadasletrasalentejo.pt\/book-here\/#breadcrumb\",\"itemListElement\":[{\"@type\":\"ListItem\",\"position\":1,\"name\":\"In\u00edcio\",\"item\":\"https:\/\/casadasletrasalentejo.pt\/fr\/\"},{\"@type\":\"ListItem\",\"position\":2,\"name\":\"Book Here\"}]},{\"@type\":\"WebSite\",\"@id\":\"https:\/\/casadasletrasalentejo.pt\/#website\",\"url\":\"https:\/\/casadasletrasalentejo.pt\/\",\"name\":\"Casa das Letras, Bed & Books\",\"description\":\"bed &amp; books\",\"publisher\":{\"@id\":\"https:\/\/casadasletrasalentejo.pt\/#organization\"},\"potentialAction\":[{\"@type\":\"SearchAction\",\"target\":{\"@type\":\"EntryPoint\",\"urlTemplate\":\"https:\/\/casadasletrasalentejo.pt\/?s={search_term_string}\"},\"query-input\":\"required name=search_term_string\"}],\"inLanguage\":\"fr-FR\"},{\"@type\":\"Organization\",\"@id\":\"https:\/\/casadasletrasalentejo.pt\/#organization\",\"name\":\"Casa das Letras - Bed & Books\",\"url\":\"https:\/\/casadasletrasalentejo.pt\/\",\"logo\":{\"@type\":\"ImageObject\",\"inLanguage\":\"fr-FR\",\"@id\":\"https:\/\/casadasletrasalentejo.pt\/#\/schema\/logo\/image\/\",\"url\":\"https:\/\/casadasletrasalentejo.pt\/wp-content\/uploads\/2020\/06\/slide1.jpg\",\"contentUrl\":\"https:\/\/casadasletrasalentejo.pt\/wp-content\/uploads\/2020\/06\/slide1.jpg\",\"width\":1479,\"height\":980,\"caption\":\"Casa das Letras - Bed & Books\"},\"image\":{\"@id\":\"https:\/\/casadasletrasalentejo.pt\/#\/schema\/logo\/image\/\"},\"sameAs\":[\"https:\/\/www.facebook.com\/Casa-das-Letras-BedBooks-102804284678280\",\"http:\/\/instagram.com\/casa_das_letras_bed_and_books\"]}]}<\/script>\n<!-- \/ Yoast SEO plugin. -->","yoast_head_json":{"title":"Book Here - Casa das Letras","robots":{"index":"index","follow":"follow","max-snippet":"max-snippet:-1","max-image-preview":"max-image-preview:large","max-video-preview":"max-video-preview:-1"},"canonical":"https:\/\/casadasletrasalentejo.pt\/book-here\/","og_locale":"fr_FR","og_type":"article","og_title":"Book Here - Casa das Letras","og_description":"Utilisez ce formulaire\u00a0de\u00a0contact\u00a0pour nous demander des informations ou pour faire votre r\u00e9servation. Les donn\u00e9es que nous allons vous demander seront utilis\u00e9es uniquement pour vous garantir que vous trouverez ce que vous cherchez \u00e0 Casa das Letras. Nous ne les partagerons avec personne et nous les utiliserons uniquement pour vous contacter. Introduisez ici votre nom (obligatoire) [&hellip;]","og_url":"https:\/\/casadasletrasalentejo.pt\/book-here\/","og_site_name":"Casa das Letras","article_publisher":"https:\/\/www.facebook.com\/Casa-das-Letras-BedBooks-102804284678280","article_modified_time":"2020-07-05T09:37:24+00:00","og_image":[{"width":1479,"height":980,"url":"https:\/\/casadasletrasalentejo.pt\/wp-content\/uploads\/2020\/06\/slide1.jpg","type":"image\/jpeg"}],"twitter_card":"summary_large_image","twitter_misc":{"Dur\u00e9e de lecture estim\u00e9e":"2 minutes"},"schema":{"@context":"https:\/\/schema.org","@graph":[{"@type":"WebPage","@id":"https:\/\/casadasletrasalentejo.pt\/book-here\/","url":"https:\/\/casadasletrasalentejo.pt\/book-here\/","name":"Book Here - Casa das Letras","isPartOf":{"@id":"https:\/\/casadasletrasalentejo.pt\/#website"},"datePublished":"2020-05-21T07:25:05+00:00","dateModified":"2020-07-05T09:37:24+00:00","breadcrumb":{"@id":"https:\/\/casadasletrasalentejo.pt\/book-here\/#breadcrumb"},"inLanguage":"fr-FR","potentialAction":[{"@type":"ReadAction","target":["https:\/\/casadasletrasalentejo.pt\/book-here\/"]}]},{"@type":"BreadcrumbList","@id":"https:\/\/casadasletrasalentejo.pt\/book-here\/#breadcrumb","itemListElement":[{"@type":"ListItem","position":1,"name":"In\u00edcio","item":"https:\/\/casadasletrasalentejo.pt\/fr\/"},{"@type":"ListItem","position":2,"name":"Book Here"}]},{"@type":"WebSite","@id":"https:\/\/casadasletrasalentejo.pt\/#website","url":"https:\/\/casadasletrasalentejo.pt\/","name":"Casa das Letras, Bed & Books","description":"bed &amp; books","publisher":{"@id":"https:\/\/casadasletrasalentejo.pt\/#organization"},"potentialAction":[{"@type":"SearchAction","target":{"@type":"EntryPoint","urlTemplate":"https:\/\/casadasletrasalentejo.pt\/?s={search_term_string}"},"query-input":"required name=search_term_string"}],"inLanguage":"fr-FR"},{"@type":"Organization","@id":"https:\/\/casadasletrasalentejo.pt\/#organization","name":"Casa das Letras - Bed & Books","url":"https:\/\/casadasletrasalentejo.pt\/","logo":{"@type":"ImageObject","inLanguage":"fr-FR","@id":"https:\/\/casadasletrasalentejo.pt\/#\/schema\/logo\/image\/","url":"https:\/\/casadasletrasalentejo.pt\/wp-content\/uploads\/2020\/06\/slide1.jpg","contentUrl":"https:\/\/casadasletrasalentejo.pt\/wp-content\/uploads\/2020\/06\/slide1.jpg","width":1479,"height":980,"caption":"Casa das Letras - Bed & Books"},"image":{"@id":"https:\/\/casadasletrasalentejo.pt\/#\/schema\/logo\/image\/"},"sameAs":["https:\/\/www.facebook.com\/Casa-das-Letras-BedBooks-102804284678280","http:\/\/instagram.com\/casa_das_letras_bed_and_books"]}]}},"_links":{"self":[{"href":"https:\/\/casadasletrasalentejo.pt\/fr\/wp-json\/wp\/v2\/pages\/3247"}],"collection":[{"href":"https:\/\/casadasletrasalentejo.pt\/fr\/wp-json\/wp\/v2\/pages"}],"about":[{"href":"https:\/\/casadasletrasalentejo.pt\/fr\/wp-json\/wp\/v2\/types\/page"}],"author":[{"embeddable":true,"href":"https:\/\/casadasletrasalentejo.pt\/fr\/wp-json\/wp\/v2\/users\/1"}],"replies":[{"embeddable":true,"href":"https:\/\/casadasletrasalentejo.pt\/fr\/wp-json\/wp\/v2\/comments?post=3247"}],"version-history":[{"count":14,"href":"https:\/\/casadasletrasalentejo.pt\/fr\/wp-json\/wp\/v2\/pages\/3247\/revisions"}],"predecessor-version":[{"id":4094,"href":"https:\/\/casadasletrasalentejo.pt\/fr\/wp-json\/wp\/v2\/pages\/3247\/revisions\/4094"}],"wp:attachment":[{"href":"https:\/\/casadasletrasalentejo.pt\/fr\/wp-json\/wp\/v2\/media?parent=3247"}],"curies":[{"name":"wp","href":"https:\/\/api.w.org\/{rel}","templated":true}]}}