{"id":4485,"date":"2021-07-31T17:24:38","date_gmt":"2021-07-31T17:24:38","guid":{"rendered":"https:\/\/casadasletrasalentejo.pt\/?page_id=4485"},"modified":"2021-07-31T17:25:24","modified_gmt":"2021-07-31T17:25:24","slug":"durabilite-et-sante-publique","status":"publish","type":"page","link":"https:\/\/casadasletrasalentejo.pt\/fr\/durabilite-et-sante-publique\/","title":{"rendered":"Durabilit\u00e9 et Sant\u00e9 publique"},"content":{"rendered":"\t\t<div data-elementor-type=\"wp-page\" data-elementor-id=\"4485\" class=\"elementor elementor-4485\" data-elementor-settings=\"[]\">\n\t\t\t\t\t\t<div class=\"elementor-inner\">\n\t\t\t\t\t\t\t<div class=\"elementor-section-wrap\">\n\t\t\t\t\t\t\t<section class=\"elementor-section elementor-top-section elementor-element elementor-element-5abd46b elementor-section-boxed elementor-section-height-default elementor-section-height-default\" data-id=\"5abd46b\" data-element_type=\"section\">\n\t\t\t\t\t\t<div class=\"elementor-container elementor-column-gap-default\">\n\t\t\t\t\t\t\t<div class=\"elementor-row\">\n\t\t\t\t\t<div class=\"elementor-column elementor-col-100 elementor-top-column elementor-element elementor-element-84456a4\" data-id=\"84456a4\" data-element_type=\"column\">\n\t\t\t<div class=\"elementor-column-wrap elementor-element-populated\">\n\t\t\t\t\t\t\t<div class=\"elementor-widget-wrap\">\n\t\t\t\t\t\t<div class=\"elementor-element elementor-element-9af2c48 elementor-widget elementor-widget-text-editor\" data-id=\"9af2c48\" data-element_type=\"widget\" data-widget_type=\"text-editor.default\">\n\t\t\t\t<div class=\"elementor-widget-container\">\n\t\t\t\t\t<div class=\"elementor-text-editor elementor-clearfix\"><p class=\"western\" lang=\"en-US\" align=\"justify\"><span style=\"color: #000000;\">\u00a0<span style=\"font-family: Times New Roman, serif;\"><span style=\"font-size: medium;\"><span lang=\"fr-FR\">Consciente de l\u2019importance de la pr\u00e9servation de l\u2019environnement et de la contribution de chacun \u00e0 la sant\u00e9 et au bien-\u00eatre de la communaut\u00e9, la \u00ab Casa das Letra \u00bb a mis en en place un programme de d\u00e9veloppement durable. Celui-ci suit les r\u00e8gles du label \u00ab Green Key \u00bb, qui lui a \u00e9t\u00e9 attribu\u00e9 en 2021 et qui est g\u00e9r\u00e9 au Portugal par l\u2019Association Bandeira Azul.<\/span><\/span><\/span><\/span><\/p><p class=\"western\" lang=\"en-US\" align=\"justify\"><span style=\"color: #000000;\"><span style=\"font-family: Times New Roman, serif;\"><span style=\"font-size: medium;\"><span lang=\"fr-FR\">Parmi les initiatives mises en place comptent les \u00e9conomies d\u2019\u00e9nergie et d\u2019eau, la sensibilisation au tri et au recyclage et la gestion des d\u00e9chets, mais \u00e9galement l\u2019utilisation de produits locaux et durables ou encore la promotion d\u2019activit\u00e9s telles que les randonn\u00e9es dans la nature et les balades sur les v\u00e9los disponibles dans la maison.<\/span><\/span><\/span><\/span><\/p><p class=\"western\" lang=\"en-US\" align=\"justify\"><span style=\"color: #000000;\"> <span style=\"font-family: Times New Roman, serif;\"><span style=\"font-size: medium;\"><span lang=\"fr-FR\">\u00ab Casa das Letras \u00bb est lou\u00e9e exclusivement \u00e0 des groupes, familles ou voyageurs seuls.<\/span><\/span><\/span><\/span><\/p><p class=\"western\" lang=\"en-US\" align=\"justify\"><span style=\"color: #000000;\"><span style=\"font-family: Times New Roman, serif;\"><span style=\"font-size: medium;\"><span lang=\"fr-FR\">Elle a \u00e9galement mis en place un programme certifi\u00e9 de nettoyage et d\u00e9sinfection reconnu par l\u2019Office de Tourisme du Portugal avec les labels Clean&amp;Safe et European Tourism Covid-19 Safety Seal. <\/span><\/span><\/span><\/span><\/p><\/div>\n\t\t\t\t<\/div>\n\t\t\t\t<\/div>\n\t\t\t\t\t\t<\/div>\n\t\t\t\t\t<\/div>\n\t\t<\/div>\n\t\t\t\t\t\t\t\t<\/div>\n\t\t\t\t\t<\/div>\n\t\t<\/section>\n\t\t\t\t\t\t<\/div>\n\t\t\t\t\t\t<\/div>\n\t\t\t\t\t<\/div>\n\t\t","protected":false},"excerpt":{"rendered":"<p>\u00a0Consciente de l\u2019importance de la pr\u00e9servation de l\u2019environnement et de la contribution de chacun \u00e0 la sant\u00e9 et au bien-\u00eatre de la communaut\u00e9, la \u00ab Casa das Letra \u00bb a mis en en place un programme de d\u00e9veloppement durable. Celui-ci suit les r\u00e8gles du label \u00ab Green Key \u00bb, qui lui a \u00e9t\u00e9 attribu\u00e9 en [&hellip;]<\/p>\n","protected":false},"author":3,"featured_media":0,"parent":0,"menu_order":0,"comment_status":"closed","ping_status":"closed","template":"","meta":{"footnotes":""},"yoast_head":"<!-- This site is optimized with the Yoast SEO plugin v21.2 - https:\/\/yoast.com\/wordpress\/plugins\/seo\/ -->\n<title>Durabilit\u00e9 et Sant\u00e9 publique - Casa das Letras<\/title>\n<meta name=\"robots\" content=\"index, follow, max-snippet:-1, max-image-preview:large, max-video-preview:-1\" \/>\n<link rel=\"canonical\" href=\"https:\/\/casadasletrasalentejo.pt\/sustentabilidade-e-saude-publica\/\" \/>\n<meta property=\"og:locale\" content=\"fr_FR\" \/>\n<meta property=\"og:type\" content=\"article\" \/>\n<meta property=\"og:title\" content=\"Durabilit\u00e9 et Sant\u00e9 publique - Casa das Letras\" \/>\n<meta property=\"og:description\" content=\"\u00a0Consciente de l\u2019importance de la pr\u00e9servation de l\u2019environnement et de la contribution de chacun \u00e0 la sant\u00e9 et au bien-\u00eatre de la communaut\u00e9, la \u00ab Casa das Letra \u00bb a mis en en place un programme de d\u00e9veloppement durable. Celui-ci suit les r\u00e8gles du label \u00ab Green Key \u00bb, qui lui a \u00e9t\u00e9 attribu\u00e9 en [&hellip;]\" \/>\n<meta property=\"og:url\" content=\"https:\/\/casadasletrasalentejo.pt\/sustentabilidade-e-saude-publica\/\" \/>\n<meta property=\"og:site_name\" content=\"Casa das Letras\" \/>\n<meta property=\"article:publisher\" content=\"https:\/\/www.facebook.com\/Casa-das-Letras-BedBooks-102804284678280\" \/>\n<meta property=\"article:modified_time\" content=\"2021-07-31T17:25:24+00:00\" \/>\n<meta property=\"og:image\" content=\"https:\/\/casadasletrasalentejo.pt\/wp-content\/uploads\/2020\/06\/slide1.jpg\" \/>\n\t<meta property=\"og:image:width\" content=\"1479\" \/>\n\t<meta property=\"og:image:height\" content=\"980\" \/>\n\t<meta property=\"og:image:type\" content=\"image\/jpeg\" \/>\n<meta name=\"twitter:card\" content=\"summary_large_image\" \/>\n<meta name=\"twitter:label1\" content=\"Dur\u00e9e de lecture estim\u00e9e\" \/>\n\t<meta name=\"twitter:data1\" content=\"1 minute\" \/>\n<script type=\"application\/ld+json\" class=\"yoast-schema-graph\">{\"@context\":\"https:\/\/schema.org\",\"@graph\":[{\"@type\":\"WebPage\",\"@id\":\"https:\/\/casadasletrasalentejo.pt\/sustentabilidade-e-saude-publica\/\",\"url\":\"https:\/\/casadasletrasalentejo.pt\/sustentabilidade-e-saude-publica\/\",\"name\":\"Durabilit\u00e9 et Sant\u00e9 publique - Casa das Letras\",\"isPartOf\":{\"@id\":\"https:\/\/casadasletrasalentejo.pt\/#website\"},\"datePublished\":\"2021-07-31T17:24:38+00:00\",\"dateModified\":\"2021-07-31T17:25:24+00:00\",\"breadcrumb\":{\"@id\":\"https:\/\/casadasletrasalentejo.pt\/sustentabilidade-e-saude-publica\/#breadcrumb\"},\"inLanguage\":\"fr-FR\",\"potentialAction\":[{\"@type\":\"ReadAction\",\"target\":[\"https:\/\/casadasletrasalentejo.pt\/sustentabilidade-e-saude-publica\/\"]}]},{\"@type\":\"BreadcrumbList\",\"@id\":\"https:\/\/casadasletrasalentejo.pt\/sustentabilidade-e-saude-publica\/#breadcrumb\",\"itemListElement\":[{\"@type\":\"ListItem\",\"position\":1,\"name\":\"In\u00edcio\",\"item\":\"https:\/\/casadasletrasalentejo.pt\/fr\/\"},{\"@type\":\"ListItem\",\"position\":2,\"name\":\"Durabilit\u00e9 et Sant\u00e9 publique\"}]},{\"@type\":\"WebSite\",\"@id\":\"https:\/\/casadasletrasalentejo.pt\/#website\",\"url\":\"https:\/\/casadasletrasalentejo.pt\/\",\"name\":\"Casa das Letras, Bed & Books\",\"description\":\"bed &amp; books\",\"publisher\":{\"@id\":\"https:\/\/casadasletrasalentejo.pt\/#organization\"},\"potentialAction\":[{\"@type\":\"SearchAction\",\"target\":{\"@type\":\"EntryPoint\",\"urlTemplate\":\"https:\/\/casadasletrasalentejo.pt\/?s={search_term_string}\"},\"query-input\":\"required name=search_term_string\"}],\"inLanguage\":\"fr-FR\"},{\"@type\":\"Organization\",\"@id\":\"https:\/\/casadasletrasalentejo.pt\/#organization\",\"name\":\"Casa das Letras - Bed & Books\",\"url\":\"https:\/\/casadasletrasalentejo.pt\/\",\"logo\":{\"@type\":\"ImageObject\",\"inLanguage\":\"fr-FR\",\"@id\":\"https:\/\/casadasletrasalentejo.pt\/#\/schema\/logo\/image\/\",\"url\":\"https:\/\/casadasletrasalentejo.pt\/wp-content\/uploads\/2020\/06\/slide1.jpg\",\"contentUrl\":\"https:\/\/casadasletrasalentejo.pt\/wp-content\/uploads\/2020\/06\/slide1.jpg\",\"width\":1479,\"height\":980,\"caption\":\"Casa das Letras - Bed & Books\"},\"image\":{\"@id\":\"https:\/\/casadasletrasalentejo.pt\/#\/schema\/logo\/image\/\"},\"sameAs\":[\"https:\/\/www.facebook.com\/Casa-das-Letras-BedBooks-102804284678280\",\"http:\/\/instagram.com\/casa_das_letras_bed_and_books\"]}]}<\/script>\n<!-- \/ Yoast SEO plugin. -->","yoast_head_json":{"title":"Durabilit\u00e9 et Sant\u00e9 publique - Casa das Letras","robots":{"index":"index","follow":"follow","max-snippet":"max-snippet:-1","max-image-preview":"max-image-preview:large","max-video-preview":"max-video-preview:-1"},"canonical":"https:\/\/casadasletrasalentejo.pt\/sustentabilidade-e-saude-publica\/","og_locale":"fr_FR","og_type":"article","og_title":"Durabilit\u00e9 et Sant\u00e9 publique - Casa das Letras","og_description":"\u00a0Consciente de l\u2019importance de la pr\u00e9servation de l\u2019environnement et de la contribution de chacun \u00e0 la sant\u00e9 et au bien-\u00eatre de la communaut\u00e9, la \u00ab Casa das Letra \u00bb a mis en en place un programme de d\u00e9veloppement durable. Celui-ci suit les r\u00e8gles du label \u00ab Green Key \u00bb, qui lui a \u00e9t\u00e9 attribu\u00e9 en [&hellip;]","og_url":"https:\/\/casadasletrasalentejo.pt\/sustentabilidade-e-saude-publica\/","og_site_name":"Casa das Letras","article_publisher":"https:\/\/www.facebook.com\/Casa-das-Letras-BedBooks-102804284678280","article_modified_time":"2021-07-31T17:25:24+00:00","og_image":[{"width":1479,"height":980,"url":"https:\/\/casadasletrasalentejo.pt\/wp-content\/uploads\/2020\/06\/slide1.jpg","type":"image\/jpeg"}],"twitter_card":"summary_large_image","twitter_misc":{"Dur\u00e9e de lecture estim\u00e9e":"1 minute"},"schema":{"@context":"https:\/\/schema.org","@graph":[{"@type":"WebPage","@id":"https:\/\/casadasletrasalentejo.pt\/sustentabilidade-e-saude-publica\/","url":"https:\/\/casadasletrasalentejo.pt\/sustentabilidade-e-saude-publica\/","name":"Durabilit\u00e9 et Sant\u00e9 publique - Casa das Letras","isPartOf":{"@id":"https:\/\/casadasletrasalentejo.pt\/#website"},"datePublished":"2021-07-31T17:24:38+00:00","dateModified":"2021-07-31T17:25:24+00:00","breadcrumb":{"@id":"https:\/\/casadasletrasalentejo.pt\/sustentabilidade-e-saude-publica\/#breadcrumb"},"inLanguage":"fr-FR","potentialAction":[{"@type":"ReadAction","target":["https:\/\/casadasletrasalentejo.pt\/sustentabilidade-e-saude-publica\/"]}]},{"@type":"BreadcrumbList","@id":"https:\/\/casadasletrasalentejo.pt\/sustentabilidade-e-saude-publica\/#breadcrumb","itemListElement":[{"@type":"ListItem","position":1,"name":"In\u00edcio","item":"https:\/\/casadasletrasalentejo.pt\/fr\/"},{"@type":"ListItem","position":2,"name":"Durabilit\u00e9 et Sant\u00e9 publique"}]},{"@type":"WebSite","@id":"https:\/\/casadasletrasalentejo.pt\/#website","url":"https:\/\/casadasletrasalentejo.pt\/","name":"Casa das Letras, Bed & Books","description":"bed &amp; books","publisher":{"@id":"https:\/\/casadasletrasalentejo.pt\/#organization"},"potentialAction":[{"@type":"SearchAction","target":{"@type":"EntryPoint","urlTemplate":"https:\/\/casadasletrasalentejo.pt\/?s={search_term_string}"},"query-input":"required name=search_term_string"}],"inLanguage":"fr-FR"},{"@type":"Organization","@id":"https:\/\/casadasletrasalentejo.pt\/#organization","name":"Casa das Letras - Bed & Books","url":"https:\/\/casadasletrasalentejo.pt\/","logo":{"@type":"ImageObject","inLanguage":"fr-FR","@id":"https:\/\/casadasletrasalentejo.pt\/#\/schema\/logo\/image\/","url":"https:\/\/casadasletrasalentejo.pt\/wp-content\/uploads\/2020\/06\/slide1.jpg","contentUrl":"https:\/\/casadasletrasalentejo.pt\/wp-content\/uploads\/2020\/06\/slide1.jpg","width":1479,"height":980,"caption":"Casa das Letras - Bed & Books"},"image":{"@id":"https:\/\/casadasletrasalentejo.pt\/#\/schema\/logo\/image\/"},"sameAs":["https:\/\/www.facebook.com\/Casa-das-Letras-BedBooks-102804284678280","http:\/\/instagram.com\/casa_das_letras_bed_and_books"]}]}},"_links":{"self":[{"href":"https:\/\/casadasletrasalentejo.pt\/fr\/wp-json\/wp\/v2\/pages\/4485"}],"collection":[{"href":"https:\/\/casadasletrasalentejo.pt\/fr\/wp-json\/wp\/v2\/pages"}],"about":[{"href":"https:\/\/casadasletrasalentejo.pt\/fr\/wp-json\/wp\/v2\/types\/page"}],"author":[{"embeddable":true,"href":"https:\/\/casadasletrasalentejo.pt\/fr\/wp-json\/wp\/v2\/users\/3"}],"replies":[{"embeddable":true,"href":"https:\/\/casadasletrasalentejo.pt\/fr\/wp-json\/wp\/v2\/comments?post=4485"}],"version-history":[{"count":4,"href":"https:\/\/casadasletrasalentejo.pt\/fr\/wp-json\/wp\/v2\/pages\/4485\/revisions"}],"predecessor-version":[{"id":4489,"href":"https:\/\/casadasletrasalentejo.pt\/fr\/wp-json\/wp\/v2\/pages\/4485\/revisions\/4489"}],"wp:attachment":[{"href":"https:\/\/casadasletrasalentejo.pt\/fr\/wp-json\/wp\/v2\/media?parent=4485"}],"curies":[{"name":"wp","href":"https:\/\/api.w.org\/{rel}","templated":true}]}}